{"id":459,"date":"2022-05-19T12:56:15","date_gmt":"2022-05-19T12:56:15","guid":{"rendered":"http:\/\/localhost\/kamagrabestellen\/?page_id=459"},"modified":"2023-08-21T11:59:53","modified_gmt":"2023-08-21T11:59:53","slug":"kontaktiere-uns","status":"publish","type":"page","link":"https:\/\/kamagrabestellenshop.to\/es\/kontaktiere-uns\/","title":{"rendered":"Cont\u00e1ctenos"},"content":{"rendered":"\n<h2 class=\"wp-block-heading\">Cont\u00e1ctenos<\/h2>\n\n\n\n<h2 class=\"wp-block-heading has-text-align-center\">Kundendienst:<br>support@kamagra-bestellen.to<\/h2>\n\n\n\n<h4 class=\"wp-block-heading\">\u00bfPreguntas O Quieres M\u00e1s Informaci\u00f3n? No Dude En Enviarnos Un Correo Electr\u00f3nico.<\/h4>\n\n\n\n<h3 class=\"wp-block-heading\">\u00bfCu\u00e1nto Tiempo Funciona El Remedio De Erecci\u00f3n?<\/h3>\n\n\n\n<p>Cada medicamento para la erecci\u00f3n tiene una duraci\u00f3n de acci\u00f3n diferente.<br>Busque en nuestro sitio la descripci\u00f3n del producto para conocer la duraci\u00f3n y los efectos.<br>Tenemos muchos tipos diferentes de productos de erecci\u00f3n, por lo tanto, le recomendamos que lea atentamente la descripci\u00f3n cuando compre algo de Kamagra Order.<\/p>\n\n\n\n<h3 class=\"wp-block-heading\">\u00bfES SEGURO?<\/h3>\n\n\n\n<p>S\u00ed, puede solicitarnos kamagra de forma segura.<br>Tenemos un sitio que almacena sus datos de forma segura en Panam\u00e1.<br>Panam\u00e1 no enreda datos con Europa, por lo que sus datos y los nuestros est\u00e1n siempre seguros.<br>Adem\u00e1s, los pedidos de m\u00e1s de 30 d\u00edas siempre se eliminan autom\u00e1ticamente.<\/p>\n\n\n\n<p><\/p>\n\n\n\n<p>Pais: alemania<\/p>\n\n\n\n<p>Recibir\u00e1 un c\u00f3digo de 5 d\u00edgitos que es \u00fanico para cada pedido.<br>INCLUYA ESTE C\u00d3DIGO CON SU DESCRIPCI\u00d3N<br>No es necesario ingresar el monto del pedido.<br>Por favor, nunca menciones palabras como kamagra o viagra.<\/p>\n\n\n\n<p>Aqu\u00ed hay un enlace \u00fatil que le muestra c\u00f3mo realizar un pago a trav\u00e9s del banco.<\/p>\n\n\n\n<p>Al enviar su pago por este pedido, acepta nuestros t\u00e9rminos y condiciones. Los problemas de pedidos solo se resolver\u00e1n mediante un reenv\u00edo con la ayuda del servicio de atenci\u00f3n al cliente. Acepta que no se realizar\u00e1n reembolsos por ning\u00fan motivo.<\/p>\n\n\n\n<h3 class=\"wp-block-heading\">\u00bfENV\u00cdA UN CORREO ELECTR\u00d3NICO DE CONFIRMACI\u00d3N SI SE HA RECIBIDO EL PAGO O SI SE HA ENVIADO EL PEDIDO?<\/h3>\n\n\n\n<p>No, no podemos enviar un correo electr\u00f3nico cuando se recibe el pago, ya que se realizan mediante transferencia bancaria y deben verificarse manualmente.<\/p>\n\n\n\n<p>Siempre que incluya su n\u00famero de pedido de 5\/6 d\u00edgitos con la transferencia bancaria, puede estar seguro de que su pedido ser\u00e1 procesado y enviado lo antes posible.<\/p>\n\n\n\n<p>Para estar seguro, vuelva a comprobar su propia transferencia bancaria. Si ha olvidado su n\u00famero de pedido de 5\/6 d\u00edgitos, env\u00edenos un correo electr\u00f3nico a:\u00a0admin@kamagrabestellen.shop\u00a0y procesaremos su pedido manualmente.<br>Tampoco podemos enviarle un correo electr\u00f3nico cuando su pedido ha sido enviado, ya que no utilizamos el seguimiento y rastreo para proteger su privacidad y discreci\u00f3n.<\/p>\n\n\n\n<h3 class=\"wp-block-heading\">TIEMPOS DE ENV\u00cdO PARA SU AGENTE DE ERECCI\u00d3N<\/h3>\n\n\n\n<p>Pa\u00edses Bajos 1-2 d\u00edas h\u00e1biles *<br>B\u00e9lgica 3-4 d\u00edas laborales *<br>Alemania 5-6 d\u00edas laborales *<br>Gran Breta\u00f1a 7-10 d\u00edas laborales *<br>Resto de Europa 7-10 d\u00edas laborales *<br>Am\u00e9rica 10-20 d\u00edas laborales *<br>Asia 10-30 d\u00edas laborales *<\/p>\n\n\n\n<h2 class=\"wp-block-heading\">* La duraci\u00f3n de la entrega de su medicamento para la erecci\u00f3n depende del servicio postal del pa\u00eds correspondiente *<\/h2>\n\n\n\n<p>Su pedido se procesar\u00e1 el mismo d\u00eda y su kamagra o viagra se enviar\u00e1 al d\u00eda siguiente a m\u00e1s tardar.<br>Es muy importante que indique su n\u00famero de pedido con la transferencia para garantizar un proceso sin problemas desde el pedido hasta el env\u00edo.<\/p>\n\n\n\n<h3 class=\"wp-block-heading\">\u00bfCUALES SON LAS OPCIONES DE PAGO PARA LOS RECURSOS DE ERECTION?<\/h3>\n\n\n\n<p>Ofrecemos la opci\u00f3n de pagar con bitcoin o mediante transferencia bancaria.<br>Pague de forma segura por kamagra a trav\u00e9s de su banco mediante transferencia bancaria<br>Si desea permanecer completamente an\u00f3nimo. \u00a1Tambi\u00e9n aceptamos bitcoins!<br>\u00bfSi no tienes experiencia con bitcoins? \u00a1Nos gusta ayudarte!<br>Hacemos todo lo posible para agregar otros m\u00e9todos de pago lo antes posible.<br>De esta manera, puede comprar f\u00e1cilmente medicamentos para la erecci\u00f3n.<\/p>\n\n\n\n<h3 class=\"wp-block-heading\">IDEAL Y KAMAGRA<\/h3>\n\n\n\n<p>Actualmente no tenemos iDeal, esto se debe a que en este sector no es posible realizar pagos a trav\u00e9s de iDeal.<br>Para facilitarle la compra de medicamentos para la erecci\u00f3n, contamos con un banco extranjero.<br>\u00a1No hay ninguna tienda web kamagra en los Pa\u00edses Bajos que acepte iDeal!<br>En el pasado utilizamos bancos como BUNQ, ING y MOLLY, pero esto result\u00f3 en:<br>cuentas bloqueadas<br>no pudimos pagar<br>no pudimos transferir los pagos.<br>Para nuestra comodidad y la de usted, hemos decidido proceder con los bancos de Espa\u00f1a, Inglaterra, Estonia y Finlandia.<\/p>\n\n\n\n<h3 class=\"wp-block-heading\">\u00bfMI PAQUETE SE EMPACA DISCRETAMENTE?<\/h3>\n\n\n\n<p>Sus productos de erecci\u00f3n se empaquetan discretamente en un sobre protector<a href=\"http:\/\/web.archive.org\/web\/20220520020825\/https:\/\/www.mmc.nl\/urologie\/aandoeningen-en-behandelingen\/erectieproblemen\/\">&nbsp;.<\/a><br>Uno nunca podr\u00e1 sentir, oler o adivinar que es Kamagra o Viagra.<br>Tampoco mencionamos palabras como kamagra o viagra en su paquete.<br>Lo mismo tambi\u00e9n se aplica a la depreciaci\u00f3n.<a href=\"http:\/\/web.archive.org\/web\/20220520020825\/https:\/\/kamagrabestellen.shop\/categoria-producto\/dapoxetine-es\/?lang=es\">&nbsp;.<\/a><br>Nunca se mencionan medicamentos como kamagra, viagra o medicamentos para la erecci\u00f3n.<\/p>\n\n\n\n<h3 class=\"wp-block-heading\">\u00bfCU\u00c1L ES LA VIDA \u00daTIL DE MI P\u00cdLDORA DE ERECCI\u00d3N?<\/h3>\n\n\n\n<p>todos nuestros productos se pueden utilizar durante al menos 2 a\u00f1os.<\/p>\n\n\n\n<h3 class=\"wp-block-heading\">\u00bfPOR QU\u00c9 ES TAN BARATO PARA TI?<\/h3>\n\n\n\n<p>Eso es porque compramos directamente de Ajanta Pharma.<\/p>\n\n\n\n<h3 class=\"wp-block-heading\">\u00bfPUEDO CANCELAR MI PEDIDO?<\/h3>\n\n\n\n<p>S\u00ed, eso es posible.<br>Su pedido se cancelar\u00e1 autom\u00e1ticamente despu\u00e9s de 48 horas&nbsp;<a href=\"http:\/\/web.archive.org\/web\/20220520020825\/https:\/\/kamagrabestellen.shop\/contact-us\/?lang=es\">.<\/a><br>Por lo tanto, no tiene que enviar un correo electr\u00f3nico para solicitar o indicar que cancela su pedido.<a href=\"http:\/\/web.archive.org\/web\/20220520020825\/https:\/\/www.andros.nl\/erectieproblemen\/\">&nbsp;.<\/a><\/p>\n\n\n\n<h3 class=\"wp-block-heading\">\u00bfPUEDO TOMAR KAMAGRA O VIAGRA SI SOY UN PACIENTE DE CORAZ\u00d3N?<\/h3>\n\n\n\n<p>Le aconsejamos que consulte a un m\u00e9dico o m\u00e9dico general antes de usar remedios de erecci\u00f3n.<\/p>\n\n\n\n<h3 class=\"wp-block-heading\">\u00bfNO EST\u00c1 TU PREGUNTA EN EL MEDIO?<\/h3>\n\n\n\n<p>P\u00f3ngase en contacto con nosotros y responderemos a su pregunta en un plazo de 24 horas.<\/p>\n","protected":false},"excerpt":{"rendered":"<p>Cont\u00e1ctenos Kundendienst:support@kamagra-bestellen.to \u00bfPreguntas O Quieres M\u00e1s Informaci\u00f3n? No Dude En Enviarnos Un Correo Electr\u00f3nico. \u00bfCu\u00e1nto Tiempo Funciona El Remedio De Erecci\u00f3n? Cada medicamento para la erecci\u00f3n tiene una duraci\u00f3n de acci\u00f3n diferente.Busque en nuestro sitio la descripci\u00f3n del producto para conocer la duraci\u00f3n y los efectos.Tenemos muchos tipos diferentes de productos de erecci\u00f3n, por lo [&hellip;]<\/p>\n","protected":false},"author":1,"featured_media":0,"parent":0,"menu_order":0,"comment_status":"closed","ping_status":"closed","template":"","meta":{"om_disable_all_campaigns":false,"_monsterinsights_skip_tracking":false,"_monsterinsights_sitenote_active":false,"_monsterinsights_sitenote_note":"","_monsterinsights_sitenote_category":0,"footnotes":""},"class_list":["post-459","page","type-page","status-publish","hentry"],"aioseo_notices":[],"_links":{"self":[{"href":"https:\/\/kamagrabestellenshop.to\/es\/wp-json\/wp\/v2\/pages\/459","targetHints":{"allow":["GET"]}}],"collection":[{"href":"https:\/\/kamagrabestellenshop.to\/es\/wp-json\/wp\/v2\/pages"}],"about":[{"href":"https:\/\/kamagrabestellenshop.to\/es\/wp-json\/wp\/v2\/types\/page"}],"author":[{"embeddable":true,"href":"https:\/\/kamagrabestellenshop.to\/es\/wp-json\/wp\/v2\/users\/1"}],"replies":[{"embeddable":true,"href":"https:\/\/kamagrabestellenshop.to\/es\/wp-json\/wp\/v2\/comments?post=459"}],"version-history":[{"count":3,"href":"https:\/\/kamagrabestellenshop.to\/es\/wp-json\/wp\/v2\/pages\/459\/revisions"}],"predecessor-version":[{"id":1271,"href":"https:\/\/kamagrabestellenshop.to\/es\/wp-json\/wp\/v2\/pages\/459\/revisions\/1271"}],"wp:attachment":[{"href":"https:\/\/kamagrabestellenshop.to\/es\/wp-json\/wp\/v2\/media?parent=459"}],"curies":[{"name":"wp","href":"https:\/\/api.w.org\/{rel}","templated":true}]}}