{"id":282,"date":"2022-05-18T10:43:18","date_gmt":"2022-05-18T10:43:18","guid":{"rendered":"http:\/\/localhost\/kamagrabestellen\/?post_type=product&#038;p=282"},"modified":"2023-08-21T11:41:48","modified_gmt":"2023-08-21T11:41:48","slug":"cobra-120mg-25-stripping","status":"publish","type":"product","link":"https:\/\/kamagrabestellenshop.to\/es\/product\/cobra-120mg-25-stripping\/","title":{"rendered":"cobra 120mg 25 Stripping"},"content":{"rendered":"<h1>Pide Cobra 120mg<\/h1>\n<p>Cobra 120 mg tiene dos m\u00e9todos de trabajo id\u00e9nticos a los materiales de trabajo de Viagra y bevat dezelfde.<br \/>\nSommigen Zeggen zelfs dat cobra nog funciona mejor que Viagra.<br \/>\nThe bijwerkingen van cobra vallen mee, only one op de 70 men ervaart small bijwerkingen.<br \/>\nDaarom es kamagra zo popular bij de men who een erectie stoornis ervaren of gewoon een avond long plezier will lift.<br \/>\nBij kamagrabestellen.shop inclin\u00f3 u op het juiste adres om veilig en snel kamagra te order.<\/p>\n<h2>\u00bfCu\u00e1l es el precio de Cobra 120mg?<\/h2>\n<p>Helaas can hebben van een erectieproblem he erg vervelend zijn.<br \/>\nCuando opt\u00f3 por un problema de erecci\u00f3n, pudo aumentarlo en un gran n\u00famero de casos.<br \/>\nCobra 120mg est\u00e1 preocupado porque ha sido paalde bloedvaten verwijd wat een erectie preferido.<br \/>\nCobra 120 mg es una variante gen\u00e9rica de Viagra 100 mg.<br \/>\nGeneriek houdt in dat het het dezelfde Werkzame sustancia (sildenafil) bevat, maar onder een otro merknaam wordt vendido.<br \/>\nEsto da como resultado un producto que muchas pinturas son mejores que Viagra, pero que exactamente funciona mal.<br \/>\nLos laboratorios Centurion en India producen Cobra 120 mg debido al hierro estricto.<\/p>\n<h3>Gebruiksaanwijzing cobra 120 mg<\/h3>\n<p>Neem de tablet ongeveer 1 hora antes de la actividad seksuele in.<br \/>\nEl tiempo de trabajo var\u00eda de 30 minutos a 60 minutos en nombre.<br \/>\nCobra 120 mg comienza a funcionar despu\u00e9s de 1 hora y est\u00e1 listo para un pico alrededor de 2 horas.<br \/>\nTot 5 uur na inname krijgt u bij seksuele prikkeling makkelijker een erectie krijgen.<br \/>\nDe erectie zal na 5 uur geleidelijk menos.<\/p>\n<h3>Sustancia farmacol\u00f3gica sildenafilo<\/h3>\n<p>Sildenafil es la sustancia de trabajo en cobra 120 mg. Sildenafil est\u00e1 preocupado de poder cuidar su cuerpo antes de tener una erecci\u00f3n.<br \/>\nLa palabra de intercambio de sangre se pone en marcha para las sustancias que se pinchan sexualmente en el pene vrijkomen.<br \/>\nSildenafil remt de afbraak van deze bloedvatverwijdende sustancias.<br \/>\nHet blijft hierdoor m\u00e1s tiempo y en mayores alturas una cierta cantidad en el pene, \u00a1qu\u00e9 para una dura erecci\u00f3n zorgt!<br \/>\nAntes de terminar el trabajo, hay secretos de escrutinio.<br \/>\nEl procesamiento de Sildenafil comienza despu\u00e9s de media hora, alcanza un m\u00e1ximo despu\u00e9s de dos horas y verdwijnt despu\u00e9s de dos horas.<\/p>\n<p>Orden Cobra Original 120mg<\/p>\n<p>\u00a1Vendemos los siguientes or\u00edgenes del juego y tenemos varias notas!<br \/>\nHelaas zijn he veel webshops que venden namaak kamagra, \u00a1realmente no puedes zijn voor de gezondheid!<br \/>\nSomos los distribuidores oficiales de Ajanta Pharma y cooperamos con todos los productos originales.<br \/>\n\u00a1Tambi\u00e9n env\u00edenos vergunningen om kamagra may te sell!<\/p>\n<p>Cobra 120mg bijwerkingen<\/p>\n<p>Naturalmente, el uso de Kamagra tambi\u00e9n puede ser bijwerkingen con dos meebrengen.<br \/>\nAqu\u00ed tenemos una lista de lo que podemos hacer con las obras a las que podemos optar cuando se construya el producto.<br \/>\n1.Pezu\u00f1a 10%<br \/>\n2.Blozen 5%<br \/>\n3. Buikpijn 3%<br \/>\n4. Diarrea 2%<br \/>\n\u00bfLe gustar\u00eda recaudar m\u00e1s de bijwerkingen de asesoramiento sobre nuestro servicio al cliente est\u00e1 disponible 247!<\/p>\n<p>Propiedades Cobra 120 mg<\/p>\n<p>Cantidad: 25 x 10 piezas<br \/>\nComprimido interior: 120 mg de Sildenafil<br \/>\nTrabajo Tijdsduur: 4-6 horas<br \/>\nTijdsduur para inname: 20-40 minutos \u2014 inname oral<br \/>\nNota:<br \/>\nFabricante: Cobra<\/p>\n<p>Cobra 120mg disponible<\/p>\n","protected":false},"excerpt":{"rendered":"<div class=\"woocommerce-product-details__short-description\">\n<p>\u00bfLe gustar\u00eda ver m\u00e1s informaci\u00f3n o experiencias de usuario? Entonces visite el Foro de recursos de erecci\u00f3n AQU\u00cd.<\/p>\n<\/div>\n<form class=\"cart\" action=\"https:\/\/kamagrabestellen.shop\/gesch%C3%A4ft\/kobra-120mg-25-streifen\/?lang=de\" enctype=\"multipart\/form-data\" method=\"post\">\n<div class=\"quantity\"><\/div>\n<\/form>\n","protected":false},"featured_media":283,"comment_status":"open","ping_status":"closed","template":"","meta":{"om_disable_all_campaigns":false,"_monsterinsights_skip_tracking":false,"_monsterinsights_sitenote_active":false,"_monsterinsights_sitenote_note":"","_monsterinsights_sitenote_category":0},"product_brand":[],"product_cat":[25,26,18,19,24],"product_tag":[],"class_list":{"0":"post-282","1":"product","2":"type-product","3":"status-publish","4":"has-post-thumbnail","6":"product_cat-cobra","7":"product_cat-cobra-120mg","8":"product_cat-erektionsprodukte","9":"product_cat-kamagra","10":"product_cat-sildenafil","12":"first","13":"instock","14":"shipping-taxable","15":"purchasable","16":"product-type-simple"},"aioseo_notices":[],"_links":{"self":[{"href":"https:\/\/kamagrabestellenshop.to\/es\/wp-json\/wp\/v2\/product\/282","targetHints":{"allow":["GET"]}}],"collection":[{"href":"https:\/\/kamagrabestellenshop.to\/es\/wp-json\/wp\/v2\/product"}],"about":[{"href":"https:\/\/kamagrabestellenshop.to\/es\/wp-json\/wp\/v2\/types\/product"}],"replies":[{"embeddable":true,"href":"https:\/\/kamagrabestellenshop.to\/es\/wp-json\/wp\/v2\/comments?post=282"}],"wp:featuredmedia":[{"embeddable":true,"href":"https:\/\/kamagrabestellenshop.to\/es\/wp-json\/wp\/v2\/media\/283"}],"wp:attachment":[{"href":"https:\/\/kamagrabestellenshop.to\/es\/wp-json\/wp\/v2\/media?parent=282"}],"wp:term":[{"taxonomy":"product_brand","embeddable":true,"href":"https:\/\/kamagrabestellenshop.to\/es\/wp-json\/wp\/v2\/product_brand?post=282"},{"taxonomy":"product_cat","embeddable":true,"href":"https:\/\/kamagrabestellenshop.to\/es\/wp-json\/wp\/v2\/product_cat?post=282"},{"taxonomy":"product_tag","embeddable":true,"href":"https:\/\/kamagrabestellenshop.to\/es\/wp-json\/wp\/v2\/product_tag?post=282"}],"curies":[{"name":"wp","href":"https:\/\/api.w.org\/{rel}","templated":true}]}}