{"id":286,"date":"2022-05-18T10:47:54","date_gmt":"2022-05-18T10:47:54","guid":{"rendered":"http:\/\/localhost\/kamagrabestellen\/?post_type=product&#038;p=286"},"modified":"2023-08-21T11:36:18","modified_gmt":"2023-08-21T11:36:18","slug":"cobra-120mg-100-stripping","status":"publish","type":"product","link":"https:\/\/kamagrabestellenshop.to\/es\/product\/cobra-120mg-100-stripping\/","title":{"rendered":"cobra 120mg 100 Stripping"},"content":{"rendered":"<h1>Pide Cobra 120mg<\/h1>\n<p>Cobra 120 mg tiene un efecto casi id\u00e9ntico al de Viagra y contiene los mismos ingredientes activos.<br \/>\nAlgunos incluso dicen que Cobra funciona incluso mejor que Viagra.<br \/>\nLos efectos secundarios de Cobra no son tan malos, solo 1 de cada 70 hombres experimenta efectos secundarios leves.<br \/>\nEsta es la raz\u00f3n por la que Kamagra es tan popular entre los hombres que sufren de disfunci\u00f3n er\u00e9ctil o simplemente quieren tener una noche extra de diversi\u00f3n.<br \/>\nEn kamagrabestellen.shop, est\u00e1 en el lugar correcto para pedir kamagra de forma segura y r\u00e1pida.<\/p>\n<h2>\u00bfQu\u00e9 es exactamente Cobra 120 mg?<\/h2>\n<p>Desafortunadamente, tener un problema de erecci\u00f3n puede ser muy molesto.<br \/>\nSi se presenta un problema de erecci\u00f3n, \u00e9ste puede resultar muy molesto e inc\u00f3modo.<br \/>\nCobra 120 mg asegura que ciertos vasos sangu\u00edneos se dilaten, lo que promueve una erecci\u00f3n.<br \/>\nCobra 120 mg es una variante gen\u00e9rica de Viagra 100 mg.<br \/>\nGen\u00e9rico significa que contiene el mismo ingrediente activo (sildenafil) pero se vende bajo una marca diferente.<br \/>\nEsto da como resultado un producto que es muchas veces m\u00e1s barato que Viagra pero tiene exactamente los mismos efectos.<br \/>\nCenturion Labs en India fabrica Cobra 120 mg con especificaciones estrictas.<\/p>\n<h3>Instrucciones de uso Cobra 120 mg<\/h3>\n<p>Tome la tableta aproximadamente 1 hora antes de la actividad sexual.<br \/>\nEl tiempo de exposici\u00f3n var\u00eda de 30 min a 60 min despu\u00e9s de la ingesti\u00f3n.<br \/>\nCobra 120 mg comienza a funcionar completamente despu\u00e9s de 1 hora y alcanza su punto m\u00e1ximo despu\u00e9s de aproximadamente 2 horas.<br \/>\nObtendr\u00e1 una erecci\u00f3n m\u00e1s f\u00e1cilmente si recibe estimulaci\u00f3n sexual hasta 5 horas despu\u00e9s de tomarlo.<br \/>\nLa erecci\u00f3n cede gradualmente despu\u00e9s de 5 horas.<\/p>\n<h3>Principio activo Sildenafil<\/h3>\n<p>Sildenafil es el ingrediente activo de Cobra 120 mg. Sildenafil hace que ciertos vasos sangu\u00edneos se dilaten, lo que promueve una erecci\u00f3n.<br \/>\nLa dilataci\u00f3n de los vasos sangu\u00edneos es iniciada por sustancias liberadas en el pene durante la estimulaci\u00f3n sexual.<br \/>\nSildenafil inhibe la descomposici\u00f3n de estos vasodilatadores.<br \/>\nComo resultado, permanece en el pene por m\u00e1s tiempo y en cantidades m\u00e1s grandes, lo que resulta en una erecci\u00f3n m\u00e1s dura.<br \/>\nSe requiere estimulaci\u00f3n sexual para que funcione.<br \/>\nLos efectos de Sildenafil comienzan despu\u00e9s de media hora, alcanzan un m\u00e1ximo despu\u00e9s de unas dos horas y desaparecen despu\u00e9s de unas cinco horas.<\/p>\n<p>Orden Cobra Original 120mg<\/p>\n<p>\u00a1Solo vendemos Kamagra original y tenemos varias marcas de calidad!<br \/>\nDesafortunadamente, hay muchas tiendas web que venden Kamagra falso que puede da\u00f1ar su salud.<br \/>\nSomos el distribuidor oficial de Ajanta Pharma y solo nos compras productos originales.<br \/>\n\u00a1Tambi\u00e9n tenemos permisos para vender Kamagra!<\/p>\n<p>Efectos secundarios de Cobra 120mg<\/p>\n<p>Por supuesto, usar Kamagra tambi\u00e9n puede tener efectos secundarios.<br \/>\nA continuaci\u00f3n, hemos hecho una lista de los efectos secundarios que pueden ocurrir al usar Kamagra.<br \/>\n1. Dolor de cabeza 10%<br \/>\n2. Rubor 5%<br \/>\n3. Dolor abdominal 3%<br \/>\n4.diarrea 2%<br \/>\n\u00a1Para preguntas sobre efectos secundarios o consejos, nuestro servicio de atenci\u00f3n al cliente est\u00e1 a su disposici\u00f3n en el 247!<\/p>\n<p>Propiedades Cobra 120 mg<\/p>\n<p>Cantidad: 100 x 10 piezas<br \/>\nContenido de la tableta: 120 mg de Sildenafil<br \/>\nTiempo de funcionamiento: 4-6 horas<br \/>\nTiempo de ingesti\u00f3n: 20-40 minutos &#8211; ingesti\u00f3n oral<br \/>\nMarca:<br \/>\nFabricante: Cobra<\/p>\n<p>Cobra 120 mg ofertas<\/p>\n<p>Ver m\u00e1s ofertas aqu\u00ed<\/p>\n","protected":false},"excerpt":{"rendered":"<p>\u00bfLe gustar\u00eda ver m\u00e1s informaci\u00f3n o experiencias de usuario? Entonces visite el Foro de recursos de erecci\u00f3n AQU\u00cd.<\/p>\n","protected":false},"featured_media":287,"comment_status":"open","ping_status":"closed","template":"","meta":{"om_disable_all_campaigns":false,"_monsterinsights_skip_tracking":false,"_monsterinsights_sitenote_active":false,"_monsterinsights_sitenote_note":"","_monsterinsights_sitenote_category":0},"product_brand":[],"product_cat":[25,26,18,19,24],"product_tag":[],"class_list":{"0":"post-286","1":"product","2":"type-product","3":"status-publish","4":"has-post-thumbnail","6":"product_cat-cobra","7":"product_cat-cobra-120mg","8":"product_cat-erektionsprodukte","9":"product_cat-kamagra","10":"product_cat-sildenafil","12":"first","13":"instock","14":"shipping-taxable","15":"purchasable","16":"product-type-simple"},"aioseo_notices":[],"_links":{"self":[{"href":"https:\/\/kamagrabestellenshop.to\/es\/wp-json\/wp\/v2\/product\/286","targetHints":{"allow":["GET"]}}],"collection":[{"href":"https:\/\/kamagrabestellenshop.to\/es\/wp-json\/wp\/v2\/product"}],"about":[{"href":"https:\/\/kamagrabestellenshop.to\/es\/wp-json\/wp\/v2\/types\/product"}],"replies":[{"embeddable":true,"href":"https:\/\/kamagrabestellenshop.to\/es\/wp-json\/wp\/v2\/comments?post=286"}],"wp:featuredmedia":[{"embeddable":true,"href":"https:\/\/kamagrabestellenshop.to\/es\/wp-json\/wp\/v2\/media\/287"}],"wp:attachment":[{"href":"https:\/\/kamagrabestellenshop.to\/es\/wp-json\/wp\/v2\/media?parent=286"}],"wp:term":[{"taxonomy":"product_brand","embeddable":true,"href":"https:\/\/kamagrabestellenshop.to\/es\/wp-json\/wp\/v2\/product_brand?post=286"},{"taxonomy":"product_cat","embeddable":true,"href":"https:\/\/kamagrabestellenshop.to\/es\/wp-json\/wp\/v2\/product_cat?post=286"},{"taxonomy":"product_tag","embeddable":true,"href":"https:\/\/kamagrabestellenshop.to\/es\/wp-json\/wp\/v2\/product_tag?post=286"}],"curies":[{"name":"wp","href":"https:\/\/api.w.org\/{rel}","templated":true}]}}