{"id":302,"date":"2022-05-18T11:43:20","date_gmt":"2022-05-18T11:43:20","guid":{"rendered":"http:\/\/localhost\/kamagrabestellen\/?post_type=product&#038;p=302"},"modified":"2025-11-15T07:53:32","modified_gmt":"2025-11-15T07:53:32","slug":"kamagra-oral-jelly-21-st","status":"publish","type":"product","link":"https:\/\/kamagrabestellenshop.to\/es\/product\/kamagra-oral-jelly-21-st\/","title":{"rendered":"Kamagra jalea oral 21 st"},"content":{"rendered":"<h1>\u00bfCu\u00e1les son los precios de kamagra oral jelly?<\/h1>\n<p>Helaas can hebben van een erectieproblem he erg vervelend zijn.<br \/>\nCuando opt\u00f3 por un problema de erecci\u00f3n, podr\u00eda erg vervelend an ongemakelijk zijn.<br \/>\nKamagra oral jelly est\u00e1 preocupado porque ha sido paalde bloedvaten verwijd lo que se requiere una erecci\u00f3n.<br \/>\nKamagra oral jelly es una variante gen\u00e9rica de Viagra 100 mg.<br \/>\nGeneriek houdt in dat het dezelfde werkzame sustancia (sildenafil) bevat, maar onder een otro merknaam wordt vendido.<br \/>\nEsto da como resultado un producto que muchas pinturas son mejores que Viagra, pero que exactamente funciona mal.<br \/>\nAjanta pharma en India produce kamagra debido al estricto hierro.<br \/>\n\u00c9l es ooit een schating made en daar uit blijkt dat wekelijks 1 miljard mensen kamagra gebruiken.<\/p>\n<h2>Gebruiksaanwijzing<\/h2>\n<p>\u00a1Antes de que a cualquiera a quien no le guste, se slikken maar lekker se likken is kamagra oral jelly zeker geschikt!<br \/>\nComo 1 para los segundos het zakje leeg.<br \/>\nEl inwerkingstijd var\u00eda de 10 minutos a 60 minutos en nombre.<br \/>\nLa jalea de Kamagra comienza a terminar el trabajo despu\u00e9s de 1 hora y comienza un pico alrededor de 2 horas.<br \/>\nTot 5 uur na inname krijgt u bij seksuele prikkeling makkelijker een erectie krijgen.<br \/>\nDe erectie zal na 5 uur geleidelijk menos.<\/p>\n<h3>Sustancia farmacol\u00f3gica sildenafilo<\/h3>\n<p>Sildenafil es el ingrediente activo de Kamagra. Sildenafil est\u00e1 preocupado de poder cuidar su cuerpo antes de tener una erecci\u00f3n.<br \/>\nLa palabra de intercambio de sangre se pone en marcha para las sustancias que se pinchan sexualmente en el pene vrijkomen. Sildenafil remt de afbraak van deze bloedvatverwijdende sustancias.<br \/>\nHet blijft hierdoor m\u00e1s tiempo y en mayores alturas una cierta cantidad en el pene, \u00a1qu\u00e9 para una dura erecci\u00f3n zorgt!<br \/>\nAntes de terminar el trabajo, hay secretos de escrutinio.<br \/>\nEl procesamiento de Sildenafil comienza despu\u00e9s de media hora, alcanza un m\u00e1ximo despu\u00e9s de dos horas y verdwijnt despu\u00e9s de dos horas.<\/p>\n<p>Ordene Kamagra jalea oral<\/p>\n<p>Kamagra tiene dos m\u00e9todos de trabajo id\u00e9nticos a Viagra y materiales de trabajo bevat dezelfde.<br \/>\nSommigen zeggen dat Kamagra todav\u00eda funciona mejor que Viagra.<br \/>\nThe bijwerkingen van Kamagra vallen mee, selcht een op de 70 mannen ervaart small bijwerkingen.<br \/>\nDaarom es kamagra zo popular bij de men who een erectie stoornis ervaren of gewoon een avond long plezier will lift.<br \/>\nBij\u00a0kamagrabestellen.cc se inclin\u00f3 u op het juiste adres om veilig en snel kamagra te order.<\/p>\n<p>pedir kamagra original<\/p>\n<p>Wij verkopen uitsluitend orginele kamagra en hebben varios Keurmerken!<br \/>\nHelaas zijn he veel webshop&#8217;s die namaak kamagra verkopen deze knnen bad zijn voor de gezondheid!<br \/>\nSeremos el distribuidor oficial de Ajanta Pharma y cooperaremos con todos los productos originales.<br \/>\n\u00a1Tambi\u00e9n env\u00edenos vergunningen om kamagra may te sell!<\/p>\n<p>Bijwerkingen de la jalea oral de Kamagra<\/p>\n<p>Naturalmente, se puede utilizar en Kamagra, tambi\u00e9n bijwerkingen con dos meebrengen.<br \/>\nAqu\u00ed onder hebben wej een lijst gemaakt wilke bijwerkingen \u00e9l puede gaan optreden bij het gebruik van kamagra.<br \/>\n1.Pezu\u00f1a 10%<br \/>\n2. Blozen 5%<br \/>\n3. Buikpijn 3%<br \/>\n4.Diario 2%<br \/>\n\u00bfLe gustar\u00eda recaudar m\u00e1s de bijwerkingen de asesoramiento sobre nuestro servicio al cliente est\u00e1 disponible 247!<\/p>\n<p>Propiedades de Kamagra jalea oral<\/p>\n<p>N\u00famero: 3 x 7 piezas<br \/>\nContenido: 100 mg de sildenafil<br \/>\nTrabajo Tijdsduur: 4-6 horas<br \/>\nTijdsduur para inname: 20-40 minutos \u2013 inname oral<br \/>\nNota: Kamagra<br \/>\nFabricante: Ajanta Pharma<\/p>\n","protected":false},"excerpt":{"rendered":"<p>\u00bfCu\u00e1les son los precios de kamagra oral jelly? Helaas can hebben van een erectieproblem he erg vervelend zijn. Cuando opt\u00f3 por un problema de erecci\u00f3n, podr\u00eda erg vervelend an ongemakelijk zijn. Kamagra oral jelly est\u00e1 preocupado porque ha sido paalde bloedvaten verwijd lo que se requiere una erecci\u00f3n. Kamagra oral jelly es una variante gen\u00e9rica [&hellip;]<\/p>\n","protected":false},"featured_media":303,"comment_status":"open","ping_status":"closed","template":"","meta":{"om_disable_all_campaigns":false,"_monsterinsights_skip_tracking":false,"_monsterinsights_sitenote_active":false,"_monsterinsights_sitenote_note":"","_monsterinsights_sitenote_category":0},"product_brand":[],"product_cat":[18,19,28,24],"product_tag":[],"class_list":{"0":"post-302","1":"product","2":"type-product","3":"status-publish","4":"has-post-thumbnail","6":"product_cat-erektionsprodukte","7":"product_cat-kamagra","8":"product_cat-kamagra-oral-jelly","9":"product_cat-sildenafil","11":"first","12":"instock","13":"shipping-taxable","14":"purchasable","15":"product-type-simple"},"aioseo_notices":[],"_links":{"self":[{"href":"https:\/\/kamagrabestellenshop.to\/es\/wp-json\/wp\/v2\/product\/302","targetHints":{"allow":["GET"]}}],"collection":[{"href":"https:\/\/kamagrabestellenshop.to\/es\/wp-json\/wp\/v2\/product"}],"about":[{"href":"https:\/\/kamagrabestellenshop.to\/es\/wp-json\/wp\/v2\/types\/product"}],"replies":[{"embeddable":true,"href":"https:\/\/kamagrabestellenshop.to\/es\/wp-json\/wp\/v2\/comments?post=302"}],"wp:featuredmedia":[{"embeddable":true,"href":"https:\/\/kamagrabestellenshop.to\/es\/wp-json\/wp\/v2\/media\/303"}],"wp:attachment":[{"href":"https:\/\/kamagrabestellenshop.to\/es\/wp-json\/wp\/v2\/media?parent=302"}],"wp:term":[{"taxonomy":"product_brand","embeddable":true,"href":"https:\/\/kamagrabestellenshop.to\/es\/wp-json\/wp\/v2\/product_brand?post=302"},{"taxonomy":"product_cat","embeddable":true,"href":"https:\/\/kamagrabestellenshop.to\/es\/wp-json\/wp\/v2\/product_cat?post=302"},{"taxonomy":"product_tag","embeddable":true,"href":"https:\/\/kamagrabestellenshop.to\/es\/wp-json\/wp\/v2\/product_tag?post=302"}],"curies":[{"name":"wp","href":"https:\/\/api.w.org\/{rel}","templated":true}]}}