{"id":314,"date":"2022-05-18T11:59:41","date_gmt":"2022-05-18T11:59:41","guid":{"rendered":"http:\/\/localhost\/kamagrabestellen\/?post_type=product&#038;p=314"},"modified":"2023-08-21T10:54:40","modified_gmt":"2023-08-21T10:54:40","slug":"kamagra-kauwtabletten-25-stripping","status":"publish","type":"product","link":"https:\/\/kamagrabestellenshop.to\/es\/product\/kamagra-kauwtabletten-25-stripping\/","title":{"rendered":"Kamagra Kauwtabletten 25 Stripping"},"content":{"rendered":"<div id=\"tab-description\" class=\"woocommerce-Tabs-panel woocommerce-Tabs-panel--description panel entry-content wc-tab\" role=\"tabpanel\" aria-labelledby=\"tab-title-description\">\n<h1>Ordene las tabletas masticables de Kamagra<\/h1>\n<p>Las tabletas de Kamagra Kauw se encuentran en dos obras id\u00e9nticas a los materiales de Viagra y bevat dezelfde.<br \/>\nLas tabletas Sommigen zeggen zelfs dat Kamagra Kauw todav\u00eda funcionan mejor que Viagra.<br \/>\nSlecht 3% van de Gebruikers heeft last van bijwerkingen.<br \/>\n\u00a1Las tabletas masticables de Kamagra se prueban casi todos los a\u00f1os para desaparecer instantes y no son muy populares!<br \/>\nGeef je seks leven weer een boost con tabletas Kamagra Kauw.<\/p>\n<h2>Sustancia farmacol\u00f3gica sildenafilo<\/h2>\n<p>Sildenafil es el principio activo de las tabletas de Kamagra Kauw. Sildenafil est\u00e1 preocupado de poder cuidar su cuerpo antes de tener una erecci\u00f3n.<br \/>\nLa palabra de intercambio de sangre se pone en marcha para las sustancias que se pinchan sexualmente en el pene vrijkomen. Sildenafil remt de afbraak van deze bloedvatverwijdende sustancias.<br \/>\nHet blijft hierdoor m\u00e1s tiempo y en mayores alturas una cierta cantidad en el pene, \u00a1qu\u00e9 para una dura erecci\u00f3n zorgt!<br \/>\nAntes de terminar el trabajo, hay secretos de escrutinio.<br \/>\nEl procesamiento de Sildenafil comienza despu\u00e9s de media hora, alcanza un m\u00e1ximo despu\u00e9s de dos horas y verdwijnt despu\u00e9s de dos horas.<\/p>\n<h3>Ordene las tabletas Orginele Kamagra Kauw<\/h3>\n<p>\u00a1Vendemos tabletas originales de Kamagra Kauw y tenemos varias notas importantes!<br \/>\nHelaas zijn he veel webshops the namaak Kamagra Kauw tabletjes verkopen deze knnen zijn voor de gezondheid!<br \/>\nSomos los distribuidores oficiales de Ajanta Pharma y cooperamos con todos los productos originales.<br \/>\nAdem\u00e1s, \u00a1veamos si podemos comprar tabletas masticables de Kamagra! Daarom zijn deze zo goed!<\/p>\n<h4>Kamagra Kauw tabletas bijwerkingen<\/h4>\n<p>Naturalmente, el uso de Kamagra Kauw tabletsjes tambi\u00e9n bijwerkingen con dos meebrengen.<br \/>\nAqu\u00ed tenemos una lista de los trabajos que podemos hacer sobre el uso de las tabletas Kamagra Kauw.<br \/>\n1.Pezu\u00f1a 10%<br \/>\n2. Blozen 5%<br \/>\n3. Buikpijn 3%<br \/>\n4. Diarrea 2%<br \/>\n\u00bfLe gustar\u00eda recaudar m\u00e1s de bijwerkingen de asesoramiento sobre nuestro servicio al cliente est\u00e1 disponible 247!<\/p>\n<h4>Propiedades de las tabletas de Kamagra Kauw<\/h4>\n<p>N\u00famero: 4 piezas<br \/>\nComprimido interior: 100 mg de sildenafil<br \/>\nTrabajo Tijdsduur: 4-6 horas<br \/>\nTijdsduur para inname: 20-40 minutos \u2013 inname oral<br \/>\nMerk: tabletas Kamagra Kauw<br \/>\nFabricante: Ajanta Pharma<\/p>\n<p>Kamagra 100 mg disponible<\/p>\n<\/div>\n","protected":false},"excerpt":{"rendered":"<div class=\"woocommerce-product-details__short-description\">\n<p>&nbsp;<\/p>\n<\/div>\n<form class=\"cart\" action=\"https:\/\/kamagrabestellen.shop\/gesch%C3%A4ft\/kamagra-kaubare-tabletten-25-stripping\/?lang=de\" enctype=\"multipart\/form-data\" method=\"post\">\n<div class=\"quantity\"><\/div>\n<\/form>\n","protected":false},"featured_media":315,"comment_status":"open","ping_status":"closed","template":"","meta":{"om_disable_all_campaigns":false,"_monsterinsights_skip_tracking":false,"_monsterinsights_sitenote_active":false,"_monsterinsights_sitenote_note":"","_monsterinsights_sitenote_category":0},"product_brand":[],"product_cat":[18,19,29,24],"product_tag":[],"class_list":{"0":"post-314","1":"product","2":"type-product","3":"status-publish","4":"has-post-thumbnail","6":"product_cat-erektionsprodukte","7":"product_cat-kamagra","8":"product_cat-kauwtabletten","9":"product_cat-sildenafil","11":"first","12":"instock","13":"shipping-taxable","14":"purchasable","15":"product-type-simple"},"aioseo_notices":[],"_links":{"self":[{"href":"https:\/\/kamagrabestellenshop.to\/es\/wp-json\/wp\/v2\/product\/314","targetHints":{"allow":["GET"]}}],"collection":[{"href":"https:\/\/kamagrabestellenshop.to\/es\/wp-json\/wp\/v2\/product"}],"about":[{"href":"https:\/\/kamagrabestellenshop.to\/es\/wp-json\/wp\/v2\/types\/product"}],"replies":[{"embeddable":true,"href":"https:\/\/kamagrabestellenshop.to\/es\/wp-json\/wp\/v2\/comments?post=314"}],"wp:featuredmedia":[{"embeddable":true,"href":"https:\/\/kamagrabestellenshop.to\/es\/wp-json\/wp\/v2\/media\/315"}],"wp:attachment":[{"href":"https:\/\/kamagrabestellenshop.to\/es\/wp-json\/wp\/v2\/media?parent=314"}],"wp:term":[{"taxonomy":"product_brand","embeddable":true,"href":"https:\/\/kamagrabestellenshop.to\/es\/wp-json\/wp\/v2\/product_brand?post=314"},{"taxonomy":"product_cat","embeddable":true,"href":"https:\/\/kamagrabestellenshop.to\/es\/wp-json\/wp\/v2\/product_cat?post=314"},{"taxonomy":"product_tag","embeddable":true,"href":"https:\/\/kamagrabestellenshop.to\/es\/wp-json\/wp\/v2\/product_tag?post=314"}],"curies":[{"name":"wp","href":"https:\/\/api.w.org\/{rel}","templated":true}]}}