{"id":331,"date":"2022-05-18T12:20:19","date_gmt":"2022-05-18T12:20:19","guid":{"rendered":"http:\/\/localhost\/kamagrabestellen\/?post_type=product&#038;p=331"},"modified":"2023-08-21T10:41:49","modified_gmt":"2023-08-21T10:41:49","slug":"lovegra-100mg-100-stripping","status":"publish","type":"product","link":"https:\/\/kamagrabestellenshop.to\/es\/product\/lovegra-100mg-100-stripping\/","title":{"rendered":"Lovegra 100mg 100 Stripping"},"content":{"rendered":"<h1>Pedido Lovegra 100mg 100 tiras<\/h1>\n<p>\u00bfQuieres comprar Lovegra? El Viagra para mujeres. Por supuesto, un estimulante sexual que funcione solo para hombres no va a promover la igualdad de g\u00e9nero, as\u00ed que para las mujeres entre nosotros, est\u00e1 Lovegra. Al igual que Viagra, Lovegra promueve un mejor flujo sangu\u00edneo en el \u00e1rea genital. Al igual que Viagra, Lovegra tambi\u00e9n contiene sildenafil. Lovegra coincide con Womanra y Femalegra. Los comprimidos se envasan en tiras de 4 piezas. Las p\u00edldoras son de un llamativo color rosa y duran de 4 a 6 horas. Como mujer, aprovecha la oportunidad de enga\u00f1ar y vivir una intensa experiencia sensual que nunca olvidar\u00e1s.<\/p>\n<h2>Principio activo Sildenafil<\/h2>\n<p>Sildenafil es el ingrediente activo de Lovegra. Sildenafil asegura que la vagina est\u00e9 lubricada.El ensanchamiento de los vasos sangu\u00edneos es iniciado por sustancias que se liberan en la vagina durante la estimulaci\u00f3n sexual. Sildenafil inhibe la descomposici\u00f3n de estos vasodilatadores.<br \/>\nComo resultado, permanece en la vagina por m\u00e1s tiempo y en mayor cantidad, haci\u00e9ndola m\u00e1s h\u00fameda.<br \/>\nSe requiere estimulaci\u00f3n sexual para que funcione.<br \/>\nLos efectos de Sildenafil comienzan despu\u00e9s de media hora, alcanzan un m\u00e1ximo despu\u00e9s de unas dos horas y desaparecen despu\u00e9s de unas cinco horas.<\/p>\n<h3>Pide Lovegra original<\/h3>\n<p>\u00a1Solo vendemos Lovegra original y tenemos varias marcas de calidad!<br \/>\nDesafortunadamente, hay muchas tiendas web que venden Lovegra falso, \u00a1que puede ser da\u00f1ino para su salud!<br \/>\nSomos el distribuidor oficial de Ajanta Pharma y solo nos compras productos originales.<br \/>\n\u00a1Tambi\u00e9n tenemos permisos para vender Lovegra!<\/p>\n<h4>Lovegra 100mg efectos secundarios<\/h4>\n<p>Por supuesto, el uso de Lovegra 100 mg tambi\u00e9n puede causar efectos secundarios.<br \/>\nA continuaci\u00f3n, hemos hecho una lista de los efectos secundarios que pueden ocurrir al usar Lovegra.<br \/>\n1. Dolor de cabeza 10%<br \/>\n2. Rubor 5%<br \/>\n3. Dolor abdominal 3%<br \/>\n4.diarrea 2%<br \/>\n\u00a1Para preguntas sobre efectos secundarios o consejos, nuestro servicio de atenci\u00f3n al cliente est\u00e1 a su disposici\u00f3n en el 247!<\/p>\n<p>Propiedades Lovegra 100mg<\/p>\n<p>Cantidad: 4 piezas<br \/>\nContenido del comprimido: 100 mg de Sildenafil<br \/>\nTiempo de funcionamiento: 4-6 horas<br \/>\nTiempo de ingesti\u00f3n: 20-40 minutos &#8211; ingesti\u00f3n oral<br \/>\nMarca: Lovegra<br \/>\nFabricante: Ajanta Pharma<\/p>\n","protected":false},"excerpt":{"rendered":"<div class=\"woocommerce-product-details__short-description\">\n<p>\u00bfLe gustar\u00eda ver m\u00e1s informaci\u00f3n o experiencias de usuario? Entonces visite el Foro de recursos de erecci\u00f3n AQU\u00cd.<\/p>\n<\/div>\n<form class=\"cart\" action=\"https:\/\/kamagrabestellen.shop\/gesch%C3%A4ft\/lovegra-100mg-100striping\/?lang=de\" enctype=\"multipart\/form-data\" method=\"post\">\n<div class=\"quantity\"><\/div>\n<\/form>\n","protected":false},"featured_media":332,"comment_status":"open","ping_status":"closed","template":"","meta":{"om_disable_all_campaigns":false,"_monsterinsights_skip_tracking":false,"_monsterinsights_sitenote_active":false,"_monsterinsights_sitenote_note":"","_monsterinsights_sitenote_category":0},"product_brand":[],"product_cat":[18,19,30,24],"product_tag":[],"class_list":{"0":"post-331","1":"product","2":"type-product","3":"status-publish","4":"has-post-thumbnail","6":"product_cat-erektionsprodukte","7":"product_cat-kamagra","8":"product_cat-lovegra","9":"product_cat-sildenafil","11":"first","12":"instock","13":"shipping-taxable","14":"purchasable","15":"product-type-simple"},"aioseo_notices":[],"_links":{"self":[{"href":"https:\/\/kamagrabestellenshop.to\/es\/wp-json\/wp\/v2\/product\/331","targetHints":{"allow":["GET"]}}],"collection":[{"href":"https:\/\/kamagrabestellenshop.to\/es\/wp-json\/wp\/v2\/product"}],"about":[{"href":"https:\/\/kamagrabestellenshop.to\/es\/wp-json\/wp\/v2\/types\/product"}],"replies":[{"embeddable":true,"href":"https:\/\/kamagrabestellenshop.to\/es\/wp-json\/wp\/v2\/comments?post=331"}],"wp:featuredmedia":[{"embeddable":true,"href":"https:\/\/kamagrabestellenshop.to\/es\/wp-json\/wp\/v2\/media\/332"}],"wp:attachment":[{"href":"https:\/\/kamagrabestellenshop.to\/es\/wp-json\/wp\/v2\/media?parent=331"}],"wp:term":[{"taxonomy":"product_brand","embeddable":true,"href":"https:\/\/kamagrabestellenshop.to\/es\/wp-json\/wp\/v2\/product_brand?post=331"},{"taxonomy":"product_cat","embeddable":true,"href":"https:\/\/kamagrabestellenshop.to\/es\/wp-json\/wp\/v2\/product_cat?post=331"},{"taxonomy":"product_tag","embeddable":true,"href":"https:\/\/kamagrabestellenshop.to\/es\/wp-json\/wp\/v2\/product_tag?post=331"}],"curies":[{"name":"wp","href":"https:\/\/api.w.org\/{rel}","templated":true}]}}