{"id":357,"date":"2022-05-19T06:04:37","date_gmt":"2022-05-19T06:04:37","guid":{"rendered":"http:\/\/localhost\/kamagrabestellen\/?post_type=product&#038;p=357"},"modified":"2025-11-15T07:52:30","modified_gmt":"2025-11-15T07:52:30","slug":"sildamax-100mg-5","status":"publish","type":"product","link":"https:\/\/kamagrabestellenshop.to\/es\/product\/sildamax-100mg-5\/","title":{"rendered":"Sildamax 100mg 5"},"content":{"rendered":"<h1>Ordene Sildamax 100mg<\/h1>\n<p>Sildamax 100mg es casi id\u00e9ntico a Viagra en su aplicaci\u00f3n y contiene los mismos ingredientes activos.<br \/>\nAlgunos incluso dicen que sildamax 100 mg funciona incluso mejor que Viagra.<br \/>\nSolo el 3% de las personas experimentan efectos secundarios.<br \/>\n\u00a1Kamagra ha sido probado por varias autoridades durante muchos a\u00f1os y nunca ha sido clasificado como peligroso!<br \/>\nDale otro impulso a tu vida sexual con Sildamax 100mg.<\/p>\n<h2>Principio activo Sildenafil<\/h2>\n<p>Sildenafil es el ingrediente activo de Sildamax 100 mg. Sildenafil asegura que ciertos vasos sangu\u00edneos se dilaten y por lo tanto promueve una erecci\u00f3n.<br \/>\nLa dilataci\u00f3n de los vasos sangu\u00edneos es provocada por sustancias liberadas en el pene durante la estimulaci\u00f3n sexual. Sildenafil inhibe la descomposici\u00f3n de estas sustancias dilatadoras de los vasos sangu\u00edneos.<br \/>\n\u00a1Permanecen en el pene por m\u00e1s tiempo y en cantidades m\u00e1s grandes, lo que resulta en una erecci\u00f3n m\u00e1s dura!<br \/>\nSe requiere estimulaci\u00f3n sexual para el efecto.<br \/>\nLos efectos del sildenafil aparecen despu\u00e9s de media hora, alcanzan un m\u00e1ximo despu\u00e9s de unas dos horas y desaparecen despu\u00e9s de unas cinco horas.<\/p>\n<h3>Pide Kamagra original<\/h3>\n<p>\u00a1Solo vendemos Kamagra original y tenemos varias marcas de calidad!<br \/>\nDesafortunadamente, hay muchas tiendas web que venden Kamagra falso, \u00a1esto puede ser malo para su salud!<br \/>\nSomos el importador oficial de Ajanta Pharma y solo nos compra productos originales.<br \/>\n\u00a1Tambi\u00e9n tenemos las licencias para vender Kamagra!<\/p>\n<h3>Efectos secundarios de sildamax 100mg<\/h3>\n<p>Por supuesto, la administraci\u00f3n de Kamagra 100 mg tambi\u00e9n puede causar efectos secundarios.<br \/>\nA continuaci\u00f3n, hemos compilado una lista de efectos secundarios que pueden ocurrir al usar Kamagra.<br \/>\n1. Dolor de cabeza 10%<br \/>\n2. Rubor 5%<br \/>\n3. Dolor abdominal 3%<br \/>\n4. diarrea 2%<br \/>\nSi tiene alguna pregunta sobre los efectos secundarios o necesita asesoramiento, \u00a1nuestro servicio de atenci\u00f3n al cliente est\u00e1 disponible las 24 horas del d\u00eda, los 7 d\u00edas de la semana!<\/p>\n<h4>Propiedades Sildamax 100mg<\/h4>\n<p>Cantidad: 50 piezas<br \/>\nContenido de la tableta: 100 mg de Sildenafil<br \/>\nDuraci\u00f3n de la acci\u00f3n: 4-6 horas<br \/>\nTiempo de exposici\u00f3n: 20-40 minutos &#8211; administraci\u00f3n oral<br \/>\nMarca:<br \/>\nFabricante:<\/p>\n<p>Ofertas de Kamagra 100mg<\/p>\n<p>Consulta nuestra oferta de Kamagra 100 mg aqu\u00ed: 10 tiras por 45\u20ac.<\/p>\n","protected":false},"excerpt":{"rendered":"<div class=\"woocommerce-product-details__short-description\">\n<p>\u00bfLe gustar\u00eda ver m\u00e1s informaci\u00f3n o experiencias de usuario? Visita el Foro de Repelente Er\u00e9ctil AQU\u00cd.<\/p>\n<\/div>\n<form class=\"cart\" action=\"https:\/\/kamagrabestellen.shop\/gesch%C3%A4ft\/sildamax-100mg-5-stripping\/?lang=de\" enctype=\"multipart\/form-data\" method=\"post\">\n<div class=\"quantity\"><\/div>\n<\/form>\n","protected":false},"featured_media":358,"comment_status":"open","ping_status":"closed","template":"","meta":{"om_disable_all_campaigns":false,"_monsterinsights_skip_tracking":false,"_monsterinsights_sitenote_active":false,"_monsterinsights_sitenote_note":"","_monsterinsights_sitenote_category":0},"product_brand":[],"product_cat":[18,19,43,33,24],"product_tag":[],"class_list":{"0":"post-357","1":"product","2":"type-product","3":"status-publish","4":"has-post-thumbnail","6":"product_cat-erektionsprodukte","7":"product_cat-kamagra","8":"product_cat-neu","9":"product_cat-sildamax-100mg","10":"product_cat-sildenafil","12":"first","13":"instock","14":"shipping-taxable","15":"purchasable","16":"product-type-simple"},"aioseo_notices":[],"_links":{"self":[{"href":"https:\/\/kamagrabestellenshop.to\/es\/wp-json\/wp\/v2\/product\/357","targetHints":{"allow":["GET"]}}],"collection":[{"href":"https:\/\/kamagrabestellenshop.to\/es\/wp-json\/wp\/v2\/product"}],"about":[{"href":"https:\/\/kamagrabestellenshop.to\/es\/wp-json\/wp\/v2\/types\/product"}],"replies":[{"embeddable":true,"href":"https:\/\/kamagrabestellenshop.to\/es\/wp-json\/wp\/v2\/comments?post=357"}],"wp:featuredmedia":[{"embeddable":true,"href":"https:\/\/kamagrabestellenshop.to\/es\/wp-json\/wp\/v2\/media\/358"}],"wp:attachment":[{"href":"https:\/\/kamagrabestellenshop.to\/es\/wp-json\/wp\/v2\/media?parent=357"}],"wp:term":[{"taxonomy":"product_brand","embeddable":true,"href":"https:\/\/kamagrabestellenshop.to\/es\/wp-json\/wp\/v2\/product_brand?post=357"},{"taxonomy":"product_cat","embeddable":true,"href":"https:\/\/kamagrabestellenshop.to\/es\/wp-json\/wp\/v2\/product_cat?post=357"},{"taxonomy":"product_tag","embeddable":true,"href":"https:\/\/kamagrabestellenshop.to\/es\/wp-json\/wp\/v2\/product_tag?post=357"}],"curies":[{"name":"wp","href":"https:\/\/api.w.org\/{rel}","templated":true}]}}