{"id":389,"date":"2022-05-19T07:09:46","date_gmt":"2022-05-19T07:09:46","guid":{"rendered":"http:\/\/localhost\/kamagrabestellen\/?post_type=product&#038;p=389"},"modified":"2023-08-21T07:15:53","modified_gmt":"2023-08-21T07:15:53","slug":"cenforce-150mg-100-stripping","status":"publish","type":"product","link":"https:\/\/kamagrabestellenshop.to\/es\/product\/cenforce-150mg-100-stripping\/","title":{"rendered":"Cenforce 150mg 100 Stripping"},"content":{"rendered":"<h1>Ordene Cenforce 150mg<\/h1>\n<p>Cenforce en su efecto es casi id\u00e9ntico a Viagra y contiene los mismos ingredientes activos.<br \/>\nAlgunos incluso dicen que Cenforce 150 mg funciona incluso mejor que Viagra.<br \/>\nLos efectos secundarios de Cenforce no son tan malos, solo 1 de cada 70 hombres experimenta efectos secundarios leves.<br \/>\nEs por eso que Cenforce 150 mg es tan popular entre los hombres que tienen disfunci\u00f3n er\u00e9ctil o simplemente quieren disfrutar de la noche por m\u00e1s tiempo.<br \/>\nEn kamagrabestellen.shop, est\u00e1 en el lugar correcto para pedir Kamagra de forma segura y r\u00e1pida.<\/p>\n<h2>\u00bfQu\u00e9 es exactamente Cenforce 150mg?<\/h2>\n<p>Desafortunadamente, la disfunci\u00f3n er\u00e9ctil puede ser muy molesta.<br \/>\nCuando hay un problema de erecci\u00f3n, puede resultar muy molesto e inc\u00f3modo.<br \/>\nCenforce 150 mg hace que ciertos vasos sangu\u00edneos se dilaten, lo que permite una erecci\u00f3n.<br \/>\nCenforce 150 mg es una variante gen\u00e9rica de Viagra 100 mg.<br \/>\nGen\u00e9rico significa que contiene el mismo ingrediente activo (sildenafil) pero se vende bajo una marca diferente.<br \/>\nEl resultado es un producto que es mucho m\u00e1s barato que Viagra pero tiene exactamente los mismos efectos.<br \/>\nAjanta Pharma en India produce Kamagra de acuerdo con estrictos requisitos de calidad.<br \/>\nSe estima que mil millones de personas usan Kamagra cada semana.<\/p>\n<h3>Nota de aplicaci\u00f3n<\/h3>\n<p>Tome la tableta aproximadamente 1 hora antes de la actividad sexual.<br \/>\nEl tiempo de exposici\u00f3n var\u00eda de 30 minutos a 60 minutos despu\u00e9s de la ingesti\u00f3n.<br \/>\nCenforce 150 mg se activa por completo despu\u00e9s de 1 hora y alcanza su punto m\u00e1ximo despu\u00e9s de aproximadamente 2 horas.<br \/>\nHasta 5 horas despu\u00e9s de la ingesti\u00f3n, es mucho m\u00e1s f\u00e1cil lograr una erecci\u00f3n con estimulaci\u00f3n sexual.<br \/>\nLa erecci\u00f3n disminuir\u00e1 lentamente despu\u00e9s de 5 horas.<\/p>\n<h4>Principio activo Sildenafil<\/h4>\n<p>Sildenafil es el ingrediente activo de Cenforce 150 mg. Sildenafil asegura que ciertos vasos sangu\u00edneos se dilaten y, por lo tanto, promueve una erecci\u00f3n.<br \/>\nLa dilataci\u00f3n de los vasos sangu\u00edneos es provocada por sustancias liberadas en el pene durante la estimulaci\u00f3n sexual.<br \/>\nSildenafil inhibe la descomposici\u00f3n de estas sustancias dilatadoras de los vasos sangu\u00edneos.<br \/>\n\u00a1Permanecen en el pene por m\u00e1s tiempo y en cantidades m\u00e1s grandes, lo que resulta en una erecci\u00f3n m\u00e1s dura!<br \/>\nSe requiere estimulaci\u00f3n sexual para el efecto.<br \/>\nLos efectos del sildenafil aparecen despu\u00e9s de media hora, alcanzan un m\u00e1ximo despu\u00e9s de unas dos horas y desaparecen despu\u00e9s de unas cinco horas.<\/p>\n<h4>Ordene Cenforce original 150 mg<\/h4>\n<p>\u00a1Solo vendemos Kamagra original y tenemos varias marcas de calidad!<br \/>\nDesafortunadamente, hay muchas tiendas web que venden Kamagra falso, \u00a1esto puede ser malo para su salud!<br \/>\nSomos el importador oficial de Ajanta Pharma y solo nos compra productos originales.<br \/>\n\u00a1Tambi\u00e9n tenemos las licencias para vender Kamagra!<\/p>\n<p>Efectos secundarios de Cenforce 150mg<\/p>\n<p>Por supuesto, la administraci\u00f3n de Cenforce 150 mg tambi\u00e9n puede causar efectos secundarios.<br \/>\nA continuaci\u00f3n, hemos compilado una lista de efectos secundarios que pueden ocurrir al usar Kamagra.<br \/>\n1. Dolor de cabeza 10%<br \/>\n2. Rubor 5%<br \/>\n3. Dolor abdominal 3%<br \/>\n4. diarrea 2%<br \/>\nSi tiene alguna pregunta sobre los efectos secundarios o necesita asesoramiento, \u00a1nuestro servicio de atenci\u00f3n al cliente est\u00e1 disponible 247!<\/p>\n<p>Caracter\u00edsticas Cenforce 150mg<\/p>\n<p>Cantidad: 100 x 10 piezas<br \/>\nContenido del comprimido: 150 mg de Sildenafil<br \/>\nDuraci\u00f3n de la acci\u00f3n: 4-6 horas<br \/>\nTiempo de exposici\u00f3n: 20-40 minutos &#8211; administraci\u00f3n oral<br \/>\nMarca: Centurion Labs<br \/>\nFabricante: Centurion Labs<\/p>\n<p>Ofertas de Cenforce 150mg<\/p>\n<p>Consulta otras ofertas aqu\u00ed<\/p>\n","protected":false},"excerpt":{"rendered":"<div class=\"woocommerce-product-details__short-description\">\n<p>\u00bfLe gustar\u00eda ver m\u00e1s informaci\u00f3n o experiencias de usuario? Visita el Foro de Repelente Er\u00e9ctil AQU\u00cd.<\/p>\n<\/div>\n<form class=\"cart\" action=\"https:\/\/kamagrabestellen.shop\/gesch%C3%A4ft\/cenforce-150mg-100-streifen\/?lang=de\" enctype=\"multipart\/form-data\" method=\"post\">\n<div class=\"quantity\"><\/div>\n<\/form>\n","protected":false},"featured_media":390,"comment_status":"open","ping_status":"closed","template":"","meta":{"om_disable_all_campaigns":false,"_monsterinsights_skip_tracking":false,"_monsterinsights_sitenote_active":false,"_monsterinsights_sitenote_note":"","_monsterinsights_sitenote_category":0},"product_brand":[],"product_cat":[20,35,18,24],"product_tag":[],"class_list":{"0":"post-389","1":"product","2":"type-product","3":"status-publish","4":"has-post-thumbnail","6":"product_cat-cenforce","7":"product_cat-cenforce-150mg","8":"product_cat-erektionsprodukte","9":"product_cat-sildenafil","11":"first","12":"instock","13":"shipping-taxable","14":"purchasable","15":"product-type-simple"},"aioseo_notices":[],"_links":{"self":[{"href":"https:\/\/kamagrabestellenshop.to\/es\/wp-json\/wp\/v2\/product\/389","targetHints":{"allow":["GET"]}}],"collection":[{"href":"https:\/\/kamagrabestellenshop.to\/es\/wp-json\/wp\/v2\/product"}],"about":[{"href":"https:\/\/kamagrabestellenshop.to\/es\/wp-json\/wp\/v2\/types\/product"}],"replies":[{"embeddable":true,"href":"https:\/\/kamagrabestellenshop.to\/es\/wp-json\/wp\/v2\/comments?post=389"}],"wp:featuredmedia":[{"embeddable":true,"href":"https:\/\/kamagrabestellenshop.to\/es\/wp-json\/wp\/v2\/media\/390"}],"wp:attachment":[{"href":"https:\/\/kamagrabestellenshop.to\/es\/wp-json\/wp\/v2\/media?parent=389"}],"wp:term":[{"taxonomy":"product_brand","embeddable":true,"href":"https:\/\/kamagrabestellenshop.to\/es\/wp-json\/wp\/v2\/product_brand?post=389"},{"taxonomy":"product_cat","embeddable":true,"href":"https:\/\/kamagrabestellenshop.to\/es\/wp-json\/wp\/v2\/product_cat?post=389"},{"taxonomy":"product_tag","embeddable":true,"href":"https:\/\/kamagrabestellenshop.to\/es\/wp-json\/wp\/v2\/product_tag?post=389"}],"curies":[{"name":"wp","href":"https:\/\/api.w.org\/{rel}","templated":true}]}}