{"id":397,"date":"2022-05-19T07:18:08","date_gmt":"2022-05-19T07:18:08","guid":{"rendered":"http:\/\/localhost\/kamagrabestellen\/?post_type=product&#038;p=397"},"modified":"2023-08-21T07:09:08","modified_gmt":"2023-08-21T07:09:08","slug":"cenforce-200mg-25-stripping","status":"publish","type":"product","link":"https:\/\/kamagrabestellenshop.to\/es\/product\/cenforce-200mg-25-stripping\/","title":{"rendered":"Cenforce 200mg 25 Stripping"},"content":{"rendered":"<h1>Ordene Cenforce 200mg<\/h1>\n<p>Cenforce 200mg tiene un efecto casi id\u00e9ntico al de Viagra y contiene los mismos ingredientes activos.<br \/>\nAlgunos incluso dicen que Cenforce funciona incluso mejor que Viagra.<br \/>\nLos efectos secundarios de Cenforce no son tan malos, solo 1 de cada 70 hombres experimenta efectos secundarios leves.<br \/>\nEs por eso que Cenforce es tan popular entre los hombres que tienen disfunci\u00f3n er\u00e9ctil o simplemente quieren disfrutar de la noche por m\u00e1s tiempo.<br \/>\nEn kamagrabestellen.shop, est\u00e1 en el lugar correcto para pedir Kamagra de forma segura y r\u00e1pida.<\/p>\n<h2>Principio activo Sildenafil<\/h2>\n<p>Sildenafil es el ingrediente activo de Cenforce 200 mg. Sildenafil asegura que ciertos vasos sangu\u00edneos se dilaten y, por lo tanto, promueve una erecci\u00f3n.<br \/>\nLa dilataci\u00f3n de los vasos sangu\u00edneos es provocada por sustancias liberadas en el pene durante la estimulaci\u00f3n sexual.<br \/>\nSildenafil inhibe la descomposici\u00f3n de estas sustancias dilatadoras de los vasos sangu\u00edneos.<br \/>\n\u00a1Permanecen en el pene por m\u00e1s tiempo y en cantidades m\u00e1s grandes, lo que resulta en una erecci\u00f3n m\u00e1s dura!<br \/>\nSe requiere estimulaci\u00f3n sexual para el efecto.<br \/>\nLos efectos del sildenafil aparecen despu\u00e9s de media hora, alcanzan un m\u00e1ximo despu\u00e9s de unas dos horas y desaparecen despu\u00e9s de unas cinco horas.<\/p>\n<h3>Ordene Cenforce original 200mg<\/h3>\n<p>\u00a1Solo vendemos Kamagra original y tenemos varias marcas de calidad!<br \/>\nDesafortunadamente, hay muchas tiendas web que venden Kamagra falso, \u00a1esto puede ser malo para su salud!<br \/>\nSomos el importador oficial de Ajanta Pharma y solo nos compra productos originales.<br \/>\n\u00a1Tambi\u00e9n tenemos las licencias para vender Kamagra!<\/p>\n<h4>Efectos secundarios de Cenforce 200mg<\/h4>\n<p>Por supuesto, la administraci\u00f3n de Cenforce tambi\u00e9n puede tener efectos secundarios.<br \/>\nA continuaci\u00f3n, hemos compilado una lista de efectos secundarios que pueden ocurrir al usar Kamagra.<br \/>\n1. Dolor de cabeza 10%<br \/>\n2. Rubor 5%<br \/>\n3. Dolor abdominal 3%<br \/>\n4.diarrea 2%<br \/>\nSi tiene alguna pregunta sobre los efectos secundarios o necesita asesoramiento, \u00a1nuestro servicio de atenci\u00f3n al cliente est\u00e1 disponible las 24 horas del d\u00eda, los 7 d\u00edas de la semana!<\/p>\n<p>Caracter\u00edsticas Cenforce 200mg<\/p>\n<p>Cantidad: 25 x 10 piezas<br \/>\nContenido de la tableta: 200mg Sildenafil<br \/>\nDuraci\u00f3n de la acci\u00f3n: 4-6 horas<br \/>\nTiempo de exposici\u00f3n: 20-40 minutos &#8211; administraci\u00f3n oral<br \/>\nMarca: Centurion Labs<br \/>\nFabricante: Laboratorios Centurion<\/p>\n<p>Ofertas de Cenforce 200mg<\/p>\n<p>Aqu\u00ed encontrar\u00e1s m\u00e1s ofertas.<\/p>\n","protected":false},"excerpt":{"rendered":"<div class=\"woocommerce-product-details__short-description\">\n<p>\u00bfLe gustar\u00eda ver m\u00e1s informaci\u00f3n o experiencias de usuario? Visita el Foro de Repelente Er\u00e9ctil AQU\u00cd.<\/p>\n<\/div>\n<form class=\"cart\" action=\"https:\/\/kamagrabestellen.shop\/gesch%C3%A4ft\/cenforce-200mg-25-streifen\/?lang=de\" enctype=\"multipart\/form-data\" method=\"post\">\n<div class=\"quantity\"><\/div>\n<\/form>\n","protected":false},"featured_media":398,"comment_status":"open","ping_status":"closed","template":"","meta":{"om_disable_all_campaigns":false,"_monsterinsights_skip_tracking":false,"_monsterinsights_sitenote_active":false,"_monsterinsights_sitenote_note":"","_monsterinsights_sitenote_category":0},"product_brand":[],"product_cat":[20,36,18,24],"product_tag":[],"class_list":{"0":"post-397","1":"product","2":"type-product","3":"status-publish","4":"has-post-thumbnail","6":"product_cat-cenforce","7":"product_cat-cenforce-200mg","8":"product_cat-erektionsprodukte","9":"product_cat-sildenafil","11":"first","12":"instock","13":"sale","14":"shipping-taxable","15":"purchasable","16":"product-type-simple"},"aioseo_notices":[],"_links":{"self":[{"href":"https:\/\/kamagrabestellenshop.to\/es\/wp-json\/wp\/v2\/product\/397","targetHints":{"allow":["GET"]}}],"collection":[{"href":"https:\/\/kamagrabestellenshop.to\/es\/wp-json\/wp\/v2\/product"}],"about":[{"href":"https:\/\/kamagrabestellenshop.to\/es\/wp-json\/wp\/v2\/types\/product"}],"replies":[{"embeddable":true,"href":"https:\/\/kamagrabestellenshop.to\/es\/wp-json\/wp\/v2\/comments?post=397"}],"wp:featuredmedia":[{"embeddable":true,"href":"https:\/\/kamagrabestellenshop.to\/es\/wp-json\/wp\/v2\/media\/398"}],"wp:attachment":[{"href":"https:\/\/kamagrabestellenshop.to\/es\/wp-json\/wp\/v2\/media?parent=397"}],"wp:term":[{"taxonomy":"product_brand","embeddable":true,"href":"https:\/\/kamagrabestellenshop.to\/es\/wp-json\/wp\/v2\/product_brand?post=397"},{"taxonomy":"product_cat","embeddable":true,"href":"https:\/\/kamagrabestellenshop.to\/es\/wp-json\/wp\/v2\/product_cat?post=397"},{"taxonomy":"product_tag","embeddable":true,"href":"https:\/\/kamagrabestellenshop.to\/es\/wp-json\/wp\/v2\/product_tag?post=397"}],"curies":[{"name":"wp","href":"https:\/\/api.w.org\/{rel}","templated":true}]}}