{"id":406,"date":"2022-05-19T07:36:58","date_gmt":"2022-05-19T07:36:58","guid":{"rendered":"http:\/\/localhost\/kamagrabestellen\/?post_type=product&#038;p=406"},"modified":"2025-11-15T07:52:01","modified_gmt":"2025-11-15T07:52:01","slug":"apcalis-mundgelee-21-piezas","status":"publish","type":"product","link":"https:\/\/kamagrabestellenshop.to\/es\/product\/apcalis-mundgelee-21-piezas\/","title":{"rendered":"Apcalis Mundgelee 21 piezas"},"content":{"rendered":"<h1>\u00bfQu\u00e9 es exactamente Apcalis Oral Jelly?<\/h1>\n<p>Tadalafil es originalmente una droga para el coraz\u00f3n. Cuando los usuarios tomaron Tadalafil, descubrieron que tambi\u00e9n promueve la erecci\u00f3n.<br \/>\nPfizer, el mayor fabricante farmac\u00e9utico, solicit\u00f3 entonces una patente sobre Tadalafil y lanz\u00f3 Kamagra al mercado.<br \/>\nKamagra asegura que ciertos vasos sangu\u00edneos se dilaten, lo que promueve una erecci\u00f3n.<br \/>\nKamagra 100 mg es una variante gen\u00e9rica de Viagra 100 mg.<br \/>\nGen\u00e9rico significa que contiene el mismo ingrediente activo (sildenafil) pero se vende bajo una marca diferente.<br \/>\nEsto da como resultado un producto que es muchas veces m\u00e1s barato que Viagra pero tiene exactamente los mismos efectos.<br \/>\nLa jalea Kamagra es fabricada por Atjanta Pharma en India.<br \/>\nActualmente uno de los mayores fabricantes de pastillas para la erecci\u00f3n.<\/p>\n<h2>instrucciones<\/h2>\n<p>Apcalis Oral Jelly definitivamente es adecuado para alguien a quien no le gusta tragar pero quiere una buena lamida.<br \/>\nLame la bolsa 1 hora antes del sexo.<br \/>\nEl tiempo de reacci\u00f3n var\u00eda de 10 min a 60 min despu\u00e9s de la ingesti\u00f3n.<br \/>\nApcalis Oral Jelly comienza a funcionar completamente despu\u00e9s de 1 hora y alcanza su punto m\u00e1ximo despu\u00e9s de aproximadamente 2 horas.<br \/>\nObtendr\u00e1 una erecci\u00f3n m\u00e1s f\u00e1cilmente si recibe estimulaci\u00f3n sexual hasta 5 horas despu\u00e9s de tomarlo.<br \/>\nLa erecci\u00f3n cede gradualmente despu\u00e9s de 5 horas.<br \/>\nSin embargo, \u00a1la estimulaci\u00f3n sexual es necesaria para una erecci\u00f3n!<\/p>\n<h3>Ingrediente activo Tadalafil<\/h3>\n<p>Tadalafil ensancha algunos vasos sangu\u00edneos. Esto permite que la sangre fluya mejor.<br \/>\nLa dilataci\u00f3n de los vasos sangu\u00edneos es iniciada por sustancias liberadas en el pene durante la estimulaci\u00f3n sexual.<br \/>\nTadalafil inhibe la descomposici\u00f3n de estos vasodilatadores.<br \/>\nPor lo tanto, permanecen m\u00e1s tiempo y en mayor cantidad en el pene.<br \/>\nEsto permite que el pene se vuelva m\u00e1s r\u00edgido y permanezca r\u00edgido por m\u00e1s tiempo.<br \/>\nSe requiere estimulaci\u00f3n sexual para que funcione.<br \/>\nEl efecto se establece despu\u00e9s de aproximadamente media hora y alcanza un m\u00e1ximo despu\u00e9s de aproximadamente 2 horas.<br \/>\nHasta 36 horas despu\u00e9s de tomarlo, obtendr\u00e1 una erecci\u00f3n m\u00e1s f\u00e1cilmente si est\u00e1 estimulado sexualmente.<\/p>\n<h4>Ordene la Jalea Oral Apcalis<\/h4>\n<p>Apcalis Oral Jelly tiene un efecto casi id\u00e9ntico al de Viagra y contiene los mismos ingredientes activos.<br \/>\nAlgunos incluso dicen que Apcalis Oral Jelly funciona incluso mejor que Viagra.<br \/>\nSolo el 3% de los usuarios experimentan efectos secundarios.<br \/>\napcalis oral jellya ha sido probado por varias agencias durante muchos a\u00f1os y nunca se ha considerado inseguro.<br \/>\nDale un impulso a tu vida sexual con Kamagra 100 mg.<\/p>\n<h5>Kamagra originales. orden<\/h5>\n<p>\u00a1Solo vendemos Kamagra original y tenemos varias marcas de calidad!<br \/>\nDesafortunadamente, hay muchas tiendas web que venden Kamagra falso que puede da\u00f1ar su salud.<br \/>\nSomos el distribuidor oficial de Ajanta Pharma y solo nos compras productos originales.<br \/>\n\u00a1Tambi\u00e9n tenemos permisos para vender Kamagra!<\/p>\n<p>Efectos secundarios de Apcalis Oral Jelly<\/p>\n<p>Por supuesto, usar Kamagra tambi\u00e9n puede tener efectos secundarios.<br \/>\nA continuaci\u00f3n, hemos hecho una lista de los efectos secundarios que pueden ocurrir al usar Kamagra.<br \/>\n1. Dolor de cabeza 10%<br \/>\n2. Rubor 5%<br \/>\n3. Dolor abdominal 3%<br \/>\n4.diarrea 2%<br \/>\n\u00a1Para preguntas sobre efectos secundarios o consejos, nuestro servicio de atenci\u00f3n al cliente est\u00e1 a su disposici\u00f3n en el 247!<\/p>\n<h5>Propiedades de Apcalis Jalea Oral<\/h5>\n<p>Cantidad: 21 piezas<br \/>\nContenido: 20 mg de tadalafilo<br \/>\nTiempo de funcionamiento: 4-6 horas<br \/>\nDuraci\u00f3n de uso: 20-40 minutos por v\u00eda oral<br \/>\nMarca: Kamagra<br \/>\nFabricante: Ajanta Pharma<\/p>\n","protected":false},"excerpt":{"rendered":"<div class=\"woocommerce-product-details__short-description\">\n<p>\u00bfLe gustar\u00eda ver m\u00e1s informaci\u00f3n o experiencias de usuario? Visita el Foro de Repelente Er\u00e9ctil AQU\u00cd.<\/p>\n<\/div>\n<form class=\"cart\" action=\"https:\/\/kamagrabestellen.shop\/gesch%C3%A4ft\/apcalis-oral-gelee-21-stk\/?lang=de\" enctype=\"multipart\/form-data\" method=\"post\">\n<div class=\"quantity\"><\/div>\n<\/form>\n","protected":false},"featured_media":407,"comment_status":"open","ping_status":"closed","template":"","meta":{"om_disable_all_campaigns":false,"_monsterinsights_skip_tracking":false,"_monsterinsights_sitenote_active":false,"_monsterinsights_sitenote_note":"","_monsterinsights_sitenote_category":0},"product_brand":[],"product_cat":[37,18,43,21],"product_tag":[],"class_list":{"0":"post-406","1":"product","2":"type-product","3":"status-publish","4":"has-post-thumbnail","6":"product_cat-apcalis-20mg","7":"product_cat-erektionsprodukte","8":"product_cat-neu","9":"product_cat-tadalafil","11":"first","12":"instock","13":"shipping-taxable","14":"purchasable","15":"product-type-simple"},"aioseo_notices":[],"_links":{"self":[{"href":"https:\/\/kamagrabestellenshop.to\/es\/wp-json\/wp\/v2\/product\/406","targetHints":{"allow":["GET"]}}],"collection":[{"href":"https:\/\/kamagrabestellenshop.to\/es\/wp-json\/wp\/v2\/product"}],"about":[{"href":"https:\/\/kamagrabestellenshop.to\/es\/wp-json\/wp\/v2\/types\/product"}],"replies":[{"embeddable":true,"href":"https:\/\/kamagrabestellenshop.to\/es\/wp-json\/wp\/v2\/comments?post=406"}],"wp:featuredmedia":[{"embeddable":true,"href":"https:\/\/kamagrabestellenshop.to\/es\/wp-json\/wp\/v2\/media\/407"}],"wp:attachment":[{"href":"https:\/\/kamagrabestellenshop.to\/es\/wp-json\/wp\/v2\/media?parent=406"}],"wp:term":[{"taxonomy":"product_brand","embeddable":true,"href":"https:\/\/kamagrabestellenshop.to\/es\/wp-json\/wp\/v2\/product_brand?post=406"},{"taxonomy":"product_cat","embeddable":true,"href":"https:\/\/kamagrabestellenshop.to\/es\/wp-json\/wp\/v2\/product_cat?post=406"},{"taxonomy":"product_tag","embeddable":true,"href":"https:\/\/kamagrabestellenshop.to\/es\/wp-json\/wp\/v2\/product_tag?post=406"}],"curies":[{"name":"wp","href":"https:\/\/api.w.org\/{rel}","templated":true}]}}