{"id":420,"date":"2022-05-19T08:13:09","date_gmt":"2022-05-19T08:13:09","guid":{"rendered":"http:\/\/localhost\/kamagrabestellen\/?post_type=product&#038;p=420"},"modified":"2023-08-22T10:15:11","modified_gmt":"2023-08-22T10:15:11","slug":"vidalista-20mg-50-stripping","status":"publish","type":"product","link":"https:\/\/kamagrabestellenshop.to\/es\/product\/vidalista-20mg-50-stripping\/","title":{"rendered":"Vidalista 20mg 50 stripping"},"content":{"rendered":"<h1>\u00bfQu\u00e9 es exactamente Vidalista 20mg?<\/h1>\n<p>Vidalista 20mg es una variante gen\u00e9rica de Ciales.<br \/>\n\u00a1Asegura una erecci\u00f3n duradera que puede durar hasta 36 horas!<br \/>\nPor lo tanto, Vidalista a menudo se conoce como la p\u00edldora del fin de semana.<br \/>\nEn el caso de la estimulaci\u00f3n sexual, el pene se pone r\u00edgido r\u00e1pidamente.<br \/>\nAdem\u00e1s, los efectos secundarios no son tan malos debido a la baja dosis.<br \/>\nPara los hombres que quieren ser fiables durante mucho tiempo, Vidalista es la elecci\u00f3n correcta.<\/p>\n<h2>Instrucciones de uso Vidalista 20mg<\/h2>\n<p>Tome la tableta aproximadamente 1 hora antes de la actividad sexual.<br \/>\nEl tiempo de exposici\u00f3n var\u00eda entre 30 minutos y 60 minutos despu\u00e9s de la administraci\u00f3n.<br \/>\nVidalista 20 mg comienza a funcionar completamente despu\u00e9s de 1 hora y alcanza su punto m\u00e1ximo despu\u00e9s de aproximadamente 2 horas.<br \/>\nHasta 36 horas despu\u00e9s de la ingesti\u00f3n, es m\u00e1s f\u00e1cil lograr una erecci\u00f3n cuando se estimula sexualmente.<\/p>\n<h3>Ingrediente activo Tadalafil<\/h3>\n<p>Tadalafil ensancha algunos vasos sangu\u00edneos. Esto permite que la sangre fluya mejor.<br \/>\nLa dilataci\u00f3n de los vasos sangu\u00edneos es provocada por sustancias liberadas en el pene durante la estimulaci\u00f3n sexual.<br \/>\nTadalafil inhibe la descomposici\u00f3n de estas sustancias vasodilatadoras.<br \/>\nComo resultado, permanece en el pene por m\u00e1s tiempo y en mayor cantidad.<br \/>\nEl pene se puede endurecer mejor y se mantiene r\u00edgido por m\u00e1s tiempo.<br \/>\nSe requiere estimulaci\u00f3n sexual para el efecto.<br \/>\nEl efecto comienza despu\u00e9s de aproximadamente media hora y alcanza un m\u00e1ximo despu\u00e9s de aproximadamente 2 horas.<br \/>\nHasta 36 horas despu\u00e9s de la ingesti\u00f3n, es m\u00e1s f\u00e1cil lograr una erecci\u00f3n cuando se estimula sexualmente.<\/p>\n<h4>Ordene Vidalista original 20mg<\/h4>\n<p>\u00a1Solo vendemos Vidalista original y tenemos varias marcas de calidad!<br \/>\nDesafortunadamente, hay muchas tiendas web que venden Kamagra falso, \u00a1esto puede ser malo para su salud!<br \/>\nSomos el importador oficial de Ajanta Pharma y solo nos compra productos originales.<br \/>\n\u00a1Tambi\u00e9n tenemos las licencias para vender Kamagra!<\/p>\n<h4>Efectos secundarios de Vidalista 20mg<\/h4>\n<p>Por supuesto, usar Vidalista tambi\u00e9n puede tener efectos secundarios.<br \/>\nA continuaci\u00f3n, hemos compilado una lista de efectos secundarios que pueden ocurrir al usar Kamagra.<br \/>\n1. Dolor de cabeza 10%<br \/>\n2. Rubor 5%<br \/>\n3. Dolor abdominal 3%<br \/>\n4. diarrea 2%<br \/>\nSi tiene alguna pregunta sobre los efectos secundarios o necesita asesoramiento, \u00a1nuestro servicio de atenci\u00f3n al cliente est\u00e1 disponible 247!<\/p>\n<h5>Caracter\u00edsticas de Vidalista 20mg<\/h5>\n<p>Cantidad: 50 x 10 piezas<br \/>\nContenido de la tableta: 20 mg Tadalafil<br \/>\nDuraci\u00f3n del efecto: 1-36 horas<br \/>\nTiempo de exposici\u00f3n: 20-40 minutos &#8211; administraci\u00f3n oral<br \/>\nMarca: laboratorios de farmacia Centrum<br \/>\nFabricante:<\/p>\n<p>Ofertas Vidalista 20mg<\/p>\n<p>Aqu\u00ed encontrar\u00e1s m\u00e1s ofertas.<\/p>\n","protected":false},"excerpt":{"rendered":"<div class=\"woocommerce-product-details__short-description\">\n<p>\u00bfLe gustar\u00eda ver m\u00e1s informaci\u00f3n o experiencias de usuario? Visita el Foro de Repelente Er\u00e9ctil AQU\u00cd.<\/p>\n<\/div>\n<form class=\"cart\" action=\"https:\/\/kamagrabestellen.shop\/gesch%C3%A4ft\/vidalista-20mg-50-streifen\/?lang=de\" enctype=\"multipart\/form-data\" method=\"post\">\n<div class=\"quantity\"><\/div>\n<\/form>\n","protected":false},"featured_media":421,"comment_status":"open","ping_status":"closed","template":"","meta":{"om_disable_all_campaigns":false,"_monsterinsights_skip_tracking":false,"_monsterinsights_sitenote_active":false,"_monsterinsights_sitenote_note":"","_monsterinsights_sitenote_category":0},"product_brand":[],"product_cat":[18,21,23,38],"product_tag":[],"class_list":{"0":"post-420","1":"product","2":"type-product","3":"status-publish","4":"has-post-thumbnail","6":"product_cat-erektionsprodukte","7":"product_cat-tadalafil","8":"product_cat-vidalista","9":"product_cat-vidalista-20mg","11":"first","12":"instock","13":"shipping-taxable","14":"purchasable","15":"product-type-simple"},"aioseo_notices":[],"_links":{"self":[{"href":"https:\/\/kamagrabestellenshop.to\/es\/wp-json\/wp\/v2\/product\/420","targetHints":{"allow":["GET"]}}],"collection":[{"href":"https:\/\/kamagrabestellenshop.to\/es\/wp-json\/wp\/v2\/product"}],"about":[{"href":"https:\/\/kamagrabestellenshop.to\/es\/wp-json\/wp\/v2\/types\/product"}],"replies":[{"embeddable":true,"href":"https:\/\/kamagrabestellenshop.to\/es\/wp-json\/wp\/v2\/comments?post=420"}],"wp:featuredmedia":[{"embeddable":true,"href":"https:\/\/kamagrabestellenshop.to\/es\/wp-json\/wp\/v2\/media\/421"}],"wp:attachment":[{"href":"https:\/\/kamagrabestellenshop.to\/es\/wp-json\/wp\/v2\/media?parent=420"}],"wp:term":[{"taxonomy":"product_brand","embeddable":true,"href":"https:\/\/kamagrabestellenshop.to\/es\/wp-json\/wp\/v2\/product_brand?post=420"},{"taxonomy":"product_cat","embeddable":true,"href":"https:\/\/kamagrabestellenshop.to\/es\/wp-json\/wp\/v2\/product_cat?post=420"},{"taxonomy":"product_tag","embeddable":true,"href":"https:\/\/kamagrabestellenshop.to\/es\/wp-json\/wp\/v2\/product_tag?post=420"}],"curies":[{"name":"wp","href":"https:\/\/api.w.org\/{rel}","templated":true}]}}