{"id":459,"date":"2022-05-19T12:56:15","date_gmt":"2022-05-19T12:56:15","guid":{"rendered":"http:\/\/localhost\/kamagrabestellen\/?page_id=459"},"modified":"2023-10-25T06:25:02","modified_gmt":"2023-10-25T06:25:02","slug":"kontaktiere-uns","status":"publish","type":"page","link":"https:\/\/kamagrabestellenshop.to\/nl\/kontaktiere-uns\/","title":{"rendered":"Kontaktiere Uns"},"content":{"rendered":"\n<h2 class=\"wp-block-heading\">Kontaktieren Sie uns<\/h2>\n\n\n\n<h2 class=\"wp-block-heading has-text-align-center\">Kundendienst:<br>support@kamagrabestellenshop.to<\/h2>\n\n\n\n<h4 class=\"wp-block-heading\">Fragen Oder W\u00fcnschen Weitere Informationen? Schreiben Sie Uns Gerne Eine E-Mail.<\/h4>\n\n\n\n<h3 class=\"wp-block-heading\">WIE LANGE FUNKTIONIERT DAS EREKTIONSMITTEL?<\/h3>\n\n\n\n<p>Jedes Erektionsmedikament hat eine unterschiedliche Wirkdauer.<br>Schauen Sie auf unserer Seite in der Produktbeschreibung nach f\u00fcr die Dauer und Wirkung.<br>Wir haben viele verschiedene Arten von Erektionsprodukten, daher empfehlen wir Ihnen, die Beschreibung sorgf\u00e4ltig zu lesen, wenn Sie etwas bei Kamagra Order kaufen.<\/p>\n\n\n\n<h3 class=\"wp-block-heading\">IST ES SICHER?<\/h3>\n\n\n\n<p>Ja, Sie k\u00f6nnen Kamagra sicher bei uns bestellen.<br>Wir haben eine Website, die Ihre Daten in Panama sicher speichert.<br>Panama verstrickt keine Daten mit Europa, daher sind Ihre und unsere Daten immer sicher!<br>Auch Bestellungen, die \u00e4lter als 30 Tage sind, werden immer automatisch gel\u00f6scht.<\/p>\n\n\n\n<h3 class=\"wp-block-heading\">WAS SIND IHRE BANKINFORMATIONEN?<\/h3>\n\n\n\n<p>Bank:<br>&#8212;&#8212;&#8212;&#8212;&#8212;&#8212;&#8211;<\/p>\n\n\n\n<p>IBAN:<br>&#8212;&#8212;&#8212;&#8212;&#8212;&#8212;-<\/p>\n\n\n\n<p>BIC\/SWIFT:<br>&#8212;&#8212;&#8212;&#8212;&#8212;&#8212;&#8212;&#8212;&#8211;<\/p>\n\n\n\n<p>Land: Deutschland<\/p>\n\n\n\n<p>Sie erhalten einen 5-stelligen Code, der f\u00fcr jede Bestellung einzigartig ist.<br>F\u00dcGEN SIE DIESEN CODE MIT IHRER BESCHREIBUNG EIN<br>Der Bestellbetrag muss nicht eingegeben werden.<br>Bitte erw\u00e4hnen Sie niemals W\u00f6rter wie Kamagra oder Viagra<\/p>\n\n\n\n<p>Hier ist ein praktischer Link, der Ihnen zeigt, wie Sie eine Zahlung \u00fcber die Bank vornehmen.<\/p>\n\n\n\n<p>Mit dem Absenden Ihrer Zahlung f\u00fcr diese Bestellung stimmen Sie unseren Allgemeinen Gesch\u00e4ftsbedingungen zu. Bestellprobleme werden nur durch erneute Lieferung mit Hilfe des Kundendienstes gel\u00f6st. Sie stimmen zu, dass keine R\u00fcckerstattungen aus irgendeinem Grund erfolgen.<\/p>\n\n\n\n<h3 class=\"wp-block-heading\">SENDEN SIE EINE BEST\u00c4TIGUNG E-MAIL, WENN DIE ZAHLUNG IST ERHALTEN ODER DIE ORDER HAT SENT?<\/h3>\n\n\n\n<p>Nein, wir k\u00f6nnen keine E-Mail senden, wenn die Zahlung eingegangen ist, da diese per Bank\u00fcberweisung erfolgt und manuell \u00fcberpr\u00fcft werden muss.<\/p>\n\n\n\n<p>Solange Sie Ihre 5\/6-stellige Bestellnummer bei der \u00dcberweisung angeben, k\u00f6nnen Sie sicher sein, dass Ihre Bestellung so schnell wie m\u00f6glich bearbeitet und an Sie versendet wird.<\/p>\n\n\n\n<p>\u00dcberpr\u00fcfen Sie zur Sicherheit noch einmal Ihre eigene Bank\u00fcberweisung. Wenn Sie Ihre 5\/6-stellige Bestellnummer vergessen haben, senden Sie uns bitte eine E-Mail an:&nbsp;<a href=\"mailto:admin@kamagrabestellen.shop\">admin@kamagrabestellen.shop<\/a>&nbsp;und wir bearbeiten Ihre Bestellung manuell.<br>Wir k\u00f6nnen Ihnen auch keine E-Mail senden, wenn Ihre Bestellung versandt wurde, da wir keine Sendungsverfolgung verwenden, um Ihre Privatsph\u00e4re und Diskretion zu sch\u00fctzen.<\/p>\n\n\n\n<h3 class=\"wp-block-heading\">LIEFERZEITEN F\u00dcR IHREN EREKTIONSAGENTEN<\/h3>\n\n\n\n<p>Niederlande 1-2 Werktage*<br>Belgien 3-4 Werktage*<br>Deutschland 5-6 Werktage*<br>Gro\u00dfbritannien 7-10 Werktage*<br>Anderes Europa 7-10 Werktage*<br>Amerika 10-20 Werktage*<br>Asien 10-30 Werktage*<\/p>\n\n\n\n<h2 class=\"wp-block-heading\">*Die Dauer der Lieferung Ihres Erektionsmedikaments h\u00e4ngt von der Post des entsprechenden Landes ab*<\/h2>\n\n\n\n<p>Ihre Bestellung wird noch am selben Tag bearbeitet und Ihr Kamagra oder Viagra wird sp\u00e4testens am n\u00e4chsten Tag versendet.<br>Es ist sehr wichtig, dass Sie bei der \u00dcberweisung Ihre Bestellnummer angeben, um einen reibungslosen Ablauf von der Bestellung bis zum Versand zu gew\u00e4hrleisten.<\/p>\n\n\n\n<h3 class=\"wp-block-heading\">WAS SIND DIE ZAHLUNGSOPTIONEN F\u00dcR ERECTION REMEDIES?<\/h3>\n\n\n\n<p>Wir bieten die M\u00f6glichkeit, mit Bitcoin oder per Bank\u00fcberweisung zu bezahlen.<br>Bezahlen Sie Kamagra sicher \u00fcber Ihre Bank per Bank\u00fcberweisung<br>Wenn Sie v\u00f6llig anonym bleiben m\u00f6chten. Wir akzeptieren auch Bitcoins!<br>Sie haben keine Erfahrung mit Bitcoins? Wir helfen Ihnen gerne!<br>Wir tun unser Bestes, um so schnell wie m\u00f6glich weitere Zahlungsmethoden hinzuzuf\u00fcgen.<br>Auf diese Weise k\u00f6nnen Sie ganz einfach Erektionsmedikamente kaufen.<\/p>\n\n\n\n<h3 class=\"wp-block-heading\">IDEAL UND KAMAGRA<\/h3>\n\n\n\n<p>Wir haben derzeit kein iDeal, das liegt daran, dass in diesem Sektor keine Zahlungen \u00fcber iDeal m\u00f6glich sind.<br>Um Ihnen den Kauf von Erektionsmedikamenten zu erleichtern, haben wir eine ausl\u00e4ndische Bank.<br>Es gibt keinen Kamagra-Webshop in den Niederlanden, der iDeal akzeptiert!<br>In der Vergangenheit haben wir Banken wie BUNQ, ING und MOLLY verwendet, aber dies f\u00fchrte zu:<br>gesperrte Konten<br>wir konnten nicht zahlen<br>Zahlungen konnten wir nicht zur\u00fcck\u00fcberweisen.<br>F\u00fcr unsere und Ihre Bequemlichkeit haben wir uns entschieden, mit Banken aus Spanien, England, Estland und Finnland zusammenzuarbeiten.<\/p>\n\n\n\n<h3 class=\"wp-block-heading\">IST MEIN PAKET DISKRET VERPACKT?<\/h3>\n\n\n\n<p>Ihre Erektionsprodukte sind diskret in einer Schutzh\u00fclle verpackt&nbsp;<a href=\"https:\/\/www.mmc.nl\/urologie\/aandoeningen-en-behandelingen\/erectieproblemen\/\">.<\/a><br>Man wird nie f\u00fchlen, riechen oder ahnen k\u00f6nnen, dass es sich um Kamagra oder Viagra handelt.<br>Wir erw\u00e4hnen auch keine W\u00f6rter wie Kamagra oder Viagra auf Ihrer Verpackung.<br>Gleiches gilt auch f\u00fcr die Abschreibung<a href=\"https:\/\/kamagrabestellen.shop\/produkt-kategorie\/dapoxetine-de\/?lang=de\">&nbsp;.<\/a><br>Medikamente wie Kamagra, Viagra oder Erektionsmittel werden nie erw\u00e4hnt<\/p>\n\n\n\n<h3 class=\"wp-block-heading\">WAS IST DIE HALTBARKEIT MEINER EREKTIONPILLE?<\/h3>\n\n\n\n<p>alle unsere Produkte k\u00f6nnen f\u00fcr mindestens 2 Jahre verwendet werden.<\/p>\n\n\n\n<h3 class=\"wp-block-heading\">WARUM IST ES SO BILLIG F\u00dcR SIE?<\/h3>\n\n\n\n<p>Weil wir direkt bei Ajanta Pharma kaufen.<\/p>\n\n\n\n<h3 class=\"wp-block-heading\">KANN ICH MEINE BESTELLUNG CANCEL?<\/h3>\n\n\n\n<p>Ja, das ist m\u00f6glich.<br>Ihre Bestellung wird nach 48 Stunden automatisch storniert<a href=\"https:\/\/kamagrabestellen.shop\/kontaktaufnahme-mit-uns\/?lang=de\">&nbsp;.<\/a><br>Sie m\u00fcssen daher keine E-Mail senden, um zu fragen oder anzugeben, dass Sie Ihre Bestellung stornieren&nbsp;<a href=\"https:\/\/www.andros.nl\/erectieproblemen\/\">.<\/a><\/p>\n\n\n\n<h3 class=\"wp-block-heading\">KANN ICH KAMAGRA ODER VIAGRA NEHMEN, WENN ich ein HERZPATIENT bin?<\/h3>\n\n\n\n<p>Wir empfehlen Ihnen, einen Arzt oder Hausarzt zu konsultieren, bevor Sie Erektionsmittel verwenden.<\/p>\n\n\n\n<h3 class=\"wp-block-heading\">ISN&#8217;T IHRE FRAGE IN ZWISCHEN?<\/h3>\n\n\n\n<p>Bitte kontaktieren Sie uns und wir werden Ihre Anfrage innerhalb von 24 Stunden beantworten.<\/p>\n","protected":false},"excerpt":{"rendered":"<p>Kontaktieren Sie uns Kundendienst:support@kamagrabestellenshop.to Fragen Oder W\u00fcnschen Weitere Informationen? Schreiben Sie Uns Gerne Eine E-Mail. WIE LANGE FUNKTIONIERT DAS EREKTIONSMITTEL? Jedes Erektionsmedikament hat eine unterschiedliche Wirkdauer.Schauen Sie auf unserer Seite in der Produktbeschreibung nach f\u00fcr die Dauer und Wirkung.Wir haben viele verschiedene Arten von Erektionsprodukten, daher empfehlen wir Ihnen, die Beschreibung sorgf\u00e4ltig zu lesen, wenn [&hellip;]<\/p>\n","protected":false},"author":1,"featured_media":0,"parent":0,"menu_order":0,"comment_status":"closed","ping_status":"closed","template":"","meta":{"om_disable_all_campaigns":false,"_monsterinsights_skip_tracking":false,"_monsterinsights_sitenote_active":false,"_monsterinsights_sitenote_note":"","_monsterinsights_sitenote_category":0,"footnotes":""},"class_list":["post-459","page","type-page","status-publish","hentry"],"aioseo_notices":[],"_links":{"self":[{"href":"https:\/\/kamagrabestellenshop.to\/nl\/wp-json\/wp\/v2\/pages\/459","targetHints":{"allow":["GET"]}}],"collection":[{"href":"https:\/\/kamagrabestellenshop.to\/nl\/wp-json\/wp\/v2\/pages"}],"about":[{"href":"https:\/\/kamagrabestellenshop.to\/nl\/wp-json\/wp\/v2\/types\/page"}],"author":[{"embeddable":true,"href":"https:\/\/kamagrabestellenshop.to\/nl\/wp-json\/wp\/v2\/users\/1"}],"replies":[{"embeddable":true,"href":"https:\/\/kamagrabestellenshop.to\/nl\/wp-json\/wp\/v2\/comments?post=459"}],"version-history":[{"count":3,"href":"https:\/\/kamagrabestellenshop.to\/nl\/wp-json\/wp\/v2\/pages\/459\/revisions"}],"predecessor-version":[{"id":1278,"href":"https:\/\/kamagrabestellenshop.to\/nl\/wp-json\/wp\/v2\/pages\/459\/revisions\/1278"}],"wp:attachment":[{"href":"https:\/\/kamagrabestellenshop.to\/nl\/wp-json\/wp\/v2\/media?parent=459"}],"curies":[{"name":"wp","href":"https:\/\/api.w.org\/{rel}","templated":true}]}}