{"id":323,"date":"2022-05-18T12:09:59","date_gmt":"2022-05-18T12:09:59","guid":{"rendered":"http:\/\/localhost\/kamagrabestellen\/?post_type=product&#038;p=323"},"modified":"2025-11-14T07:38:24","modified_gmt":"2025-11-14T07:38:24","slug":"lovegra-100mg-5-streifen","status":"publish","type":"product","link":"https:\/\/kamagrabestellenshop.to\/nl\/product\/lovegra-100mg-5-streifen\/","title":{"rendered":"Lovegra 100mg 5 Streifen"},"content":{"rendered":"<h1>Lovegra 100 mg Bestellen<\/h1>\n<p>Lovegra 100 mg ist in seiner Wirkung fast identisch mit Viagra und enth\u00e4lt die gleichen Wirkstoffe.<br \/>\nEinige sagen sogar, dass Lovegra besser funktioniert als Viagra.<br \/>\nNur 3% der Menschen haben Nebenwirkungen.<br \/>\nLovegra wurde seit vielen Jahren von verschiedenen K\u00f6rpern getestet und galt nie als unsicher!<br \/>\nGeben Sie Ihrem Sexualleben einen Schub mit Lovegra 100 mg.<\/p>\n<h2>Wirkstoff Sildenafil<\/h2>\n<p>Der\u00a0Sildenafil\u00a0ist Wirkstoff in lovegra. Sildenafil sorgt daf\u00fcr, dass bestimmte Blutgef\u00e4\u00dfe erweitert werden und beg\u00fcnstigt so eine Erektion.<br \/>\nDie Blutgef\u00e4\u00dferweiterung wird durch Substanzen ausgel\u00f6st, die bei der sexuellen Stimulation in den Penis abgegeben werden. Sildenafil hemmt den Abbau dieser blutgef\u00e4\u00dferweiterende Substanzen.<br \/>\nSie halten sich l\u00e4nger und in gr\u00f6\u00dferen Mengen im Penis auf, was zu einer h\u00e4rteren Erektion f\u00fchrt!<br \/>\nF\u00fcr die Wirkung ist eine sexuelle Stimulation erforderlich.<br \/>\nDie Wirkung von Sildenafil tritt nach einer halben Stunde ein, erreicht nach etwa zwei Stunden ein Maximum und verschwindet nach etwa f\u00fcnf Stunden.<\/p>\n<h2>Orginal Lovegrabecouples<\/h2>\n<p>Wir verkaufen nur orginal Lovegra und haben mehrere Qualit\u00e4tszeichen!<br \/>\nLeider gibt es viele Webshops, die gef\u00e4lschte Lovegra verkaufen diese k\u00f6nnen schlecht f\u00fcr die Gesundheit sein!<br \/>\nWir sind der offizielle Importeur von Ajanta Pharma, und bei uns kaufen Sie nur Originalprodukte.<br \/>\nWir haben auch Lizenzen omLovegra erlaubt zu verkaufen!<\/p>\n<h2>Lovegra 100 mg Nebenwirkungen<\/h2>\n<p>Nat\u00fcrlich, die Verwendung von Lovegra 100 mg kann auch Nebenwirkungen haben.<br \/>\nHier unten haben wir eine Liste der Nebenwirkungen erstellt, die auftreten k\u00f6nnen, wenn Sie Lovegra verwenden.<br \/>\n1. Kopfschmerzen 10%<br \/>\n2. Err\u00f6ten 5%<br \/>\n3. Bauchschmerzen 3%<br \/>\n4. Durchfall 2%<br \/>\nWenn Sie Fragen zu Nebenwirkungen oder Beratung ben\u00f6tigen, steht Ihnen unser Kundendienst rund um die Uhr zur Verf\u00fcgung!<\/p>\n<h2>Eigenschaften Lovegra 100mg<\/h2>\n<p>Anzahl: 4 St\u00fcck<br \/>\nInhalt der Tablette: 100 mg Sildenafil<br \/>\nWirkungsdauer: 4-6 Stunden<br \/>\nEinwirkzeit: 20-40 Minuten \u2013 orale Verabreichung<br \/>\nHerstellen: Lovegra<br \/>\nHersteller: Ajanta Pharma<\/p>\n<h2>Kamagra 100 mg Angebote<\/h2>\n<p>Schauen\u00a0Sie\u00a0sich auch unsere kamagra 100 mg Angebot 10 Streifen \u20ac45!<\/p>\n","protected":false},"excerpt":{"rendered":"<div class=\"woocommerce-product-details__short-description\">\n<p>M\u00f6chten Sie weitere Informationen oder Benutzererfahrungen anzeigen? Besuchen Sie das Erectile Repellent Forum\u00a0<strong>HIER.<\/strong><\/p>\n<\/div>\n<form class=\"cart\" action=\"https:\/\/kamagrabestellen.shop\/gesch%C3%A4ft\/lovegra-100mg-5-stripping\/?lang=de\" enctype=\"multipart\/form-data\" method=\"post\">\n<div class=\"quantity\"><\/div>\n<\/form>\n","protected":false},"featured_media":324,"comment_status":"open","ping_status":"closed","template":"","meta":{"om_disable_all_campaigns":false,"_monsterinsights_skip_tracking":false,"_monsterinsights_sitenote_active":false,"_monsterinsights_sitenote_note":"","_monsterinsights_sitenote_category":0},"product_brand":[],"product_cat":[18,19,30,24],"product_tag":[],"class_list":{"0":"post-323","1":"product","2":"type-product","3":"status-publish","4":"has-post-thumbnail","6":"product_cat-erektionsprodukte","7":"product_cat-kamagra","8":"product_cat-lovegra","9":"product_cat-sildenafil","11":"first","12":"instock","13":"shipping-taxable","14":"purchasable","15":"product-type-simple"},"aioseo_notices":[],"_links":{"self":[{"href":"https:\/\/kamagrabestellenshop.to\/nl\/wp-json\/wp\/v2\/product\/323","targetHints":{"allow":["GET"]}}],"collection":[{"href":"https:\/\/kamagrabestellenshop.to\/nl\/wp-json\/wp\/v2\/product"}],"about":[{"href":"https:\/\/kamagrabestellenshop.to\/nl\/wp-json\/wp\/v2\/types\/product"}],"replies":[{"embeddable":true,"href":"https:\/\/kamagrabestellenshop.to\/nl\/wp-json\/wp\/v2\/comments?post=323"}],"wp:featuredmedia":[{"embeddable":true,"href":"https:\/\/kamagrabestellenshop.to\/nl\/wp-json\/wp\/v2\/media\/324"}],"wp:attachment":[{"href":"https:\/\/kamagrabestellenshop.to\/nl\/wp-json\/wp\/v2\/media?parent=323"}],"wp:term":[{"taxonomy":"product_brand","embeddable":true,"href":"https:\/\/kamagrabestellenshop.to\/nl\/wp-json\/wp\/v2\/product_brand?post=323"},{"taxonomy":"product_cat","embeddable":true,"href":"https:\/\/kamagrabestellenshop.to\/nl\/wp-json\/wp\/v2\/product_cat?post=323"},{"taxonomy":"product_tag","embeddable":true,"href":"https:\/\/kamagrabestellenshop.to\/nl\/wp-json\/wp\/v2\/product_tag?post=323"}],"curies":[{"name":"wp","href":"https:\/\/api.w.org\/{rel}","templated":true}]}}