{"id":361,"date":"2022-05-19T06:30:04","date_gmt":"2022-05-19T06:30:04","guid":{"rendered":"http:\/\/localhost\/kamagrabestellen\/?post_type=product&#038;p=361"},"modified":"2025-09-12T06:15:39","modified_gmt":"2025-09-12T06:15:39","slug":"sildamax-100mg-25","status":"publish","type":"product","link":"https:\/\/kamagrabestellenshop.to\/nl\/product\/sildamax-100mg-25\/","title":{"rendered":"Sildamax 100mg 25"},"content":{"rendered":"<h2>Sildamax 100mg bestellen<\/h2>\n<p>Sildamax 100mg ist in seiner Anwendung fast identisch mit Viagra und enth\u00e4lt die gleichen Wirkstoffe.<br \/>\nEinige sagen sogar, sildamax 100mg funktioniert noch besser als Viagra.<br \/>\nNur 3% der Menschen haben Nebenwirkungen.<br \/>\nKamagra wurde seit vielen Jahren von verschiedenen Beh\u00f6rden getestet und wurde nie als gef\u00e4hrlich eingestuft!<br \/>\nGeben Sie Ihrem Sexualleben einen weiteren Schub mit Sildamax 100mg.<\/p>\n<h2>Wirkstoff Sildenafil<\/h2>\n<p>Sildenafil ist der Wirkstoff in Sildamax 100mg. Sildenafil sorgt daf\u00fcr, dass bestimmte Blutgef\u00e4\u00dfe erweitert werden und beg\u00fcnstigt so eine Erektion.<br \/>\nDie Blutgef\u00e4\u00dferweiterung wird durch Substanzen ausgel\u00f6st, die bei der sexuellen Stimulation in den Penis abgegeben werden. Sildenafil hemmt den Abbau dieser blutgef\u00e4\u00dferweiterende Substanzen.<br \/>\nSie halten sich l\u00e4nger und in gr\u00f6\u00dferen Mengen im Penis auf, was zu einer h\u00e4rteren Erektion f\u00fchrt!<br \/>\nF\u00fcr die Wirkung ist eine sexuelle Stimulation erforderlich.<br \/>\nDie Wirkung von Sildenafil tritt nach einer halben Stunde ein, erreicht nach etwa zwei Stunden ein Maximum und verschwindet nach etwa f\u00fcnf Stunden.<\/p>\n<h2>Original Kamagra bestellen<\/h2>\n<p>Wir verkaufen nur original Kamagra und haben mehrere Qualit\u00e4tsmarken!<br \/>\nLeider gibt es viele Webshops, die gef\u00e4lschte Kamagra verkaufen, diese k\u00f6nnen schlecht f\u00fcr\u00a0Ihre\u00a0Gesundheit sein!<br \/>\nWir sind der offizielle Importeur von Ajanta Pharma, und bei uns kaufen Sie nur Originalprodukte.<br \/>\nWir haben auch die Lizenzen f\u00fcr den Verkauf von Kamagra!<\/p>\n<h2>Sildamax 100mg Nebenwirkungen<\/h2>\n<p>Nat\u00fcrlich kann die Verabreichung von Kamagra 100 mg auch Nebenwirkungen verursachen<a href=\"https:\/\/123erectiepil.nl\/\">.<\/a><br \/>\nNachfolgend haben wir eine Liste der Nebenwirkungen zusammengestellt, die bei der Anwendung von Kamagra auftreten k\u00f6nnen.<br \/>\n1. Kopfschmerzen 10%<br \/>\n2. Err\u00f6ten 5%<br \/>\n3. Bauchschmerzen 3%<br \/>\n4. Durchfall 2%<br \/>\nWenn Sie Fragen zu Nebenwirkungen oder Beratung ben\u00f6tigen, steht Ihnen unser Kundendienst rund um die Uhr zur Verf\u00fcgung<a href=\"https:\/\/www.mijnmedicijn.nl\/urologie-erectiestoornis\/sildenafil\">!<\/a><\/p>\n<h2>Eigenschaften Sildamax 100mg<\/h2>\n<p>Anzahl: 250 St\u00fcck<br \/>\nInhalt der Tablette: 100 mg Sildenafil<br \/>\nWirkungsdauer: 4-6 Stunden<br \/>\nEinwirkzeit: 20-40 Minuten \u2013 orale Verabreichung<br \/>\nMarke:<br \/>\nHersteller:<\/p>\n<h3>Kamagra 100 mg Angebote<\/h3>\n<p>Sehen\u00a0Sie\u00a0sich unser Kamagra 100 mg Angebot hier an: 10 Streifen f\u00fcr 45 \u20ac.<\/p>\n","protected":false},"excerpt":{"rendered":"<div class=\"woocommerce-product-details__short-description\">\n<p>M\u00f6chten Sie weitere Informationen oder Benutzererfahrungen anzeigen? Besuchen Sie das Erectile Repellent Forum\u00a0<strong>HIER.<\/strong><\/p>\n<\/div>\n<form class=\"cart\" action=\"https:\/\/kamagrabestellen.shop\/gesch%C3%A4ft\/sildamax-100mg-25-abisolieren\/?lang=de\" enctype=\"multipart\/form-data\" method=\"post\">\n<div class=\"quantity\"><\/div>\n<\/form>\n","protected":false},"featured_media":362,"comment_status":"open","ping_status":"closed","template":"","meta":{"om_disable_all_campaigns":false,"_monsterinsights_skip_tracking":false,"_monsterinsights_sitenote_active":false,"_monsterinsights_sitenote_note":"","_monsterinsights_sitenote_category":0},"product_brand":[],"product_cat":[18,19,43,33,24],"product_tag":[],"class_list":{"0":"post-361","1":"product","2":"type-product","3":"status-publish","4":"has-post-thumbnail","6":"product_cat-erektionsprodukte","7":"product_cat-kamagra","8":"product_cat-neu","9":"product_cat-sildamax-100mg","10":"product_cat-sildenafil","12":"first","13":"instock","14":"shipping-taxable","15":"purchasable","16":"product-type-simple"},"aioseo_notices":[],"_links":{"self":[{"href":"https:\/\/kamagrabestellenshop.to\/nl\/wp-json\/wp\/v2\/product\/361","targetHints":{"allow":["GET"]}}],"collection":[{"href":"https:\/\/kamagrabestellenshop.to\/nl\/wp-json\/wp\/v2\/product"}],"about":[{"href":"https:\/\/kamagrabestellenshop.to\/nl\/wp-json\/wp\/v2\/types\/product"}],"replies":[{"embeddable":true,"href":"https:\/\/kamagrabestellenshop.to\/nl\/wp-json\/wp\/v2\/comments?post=361"}],"wp:featuredmedia":[{"embeddable":true,"href":"https:\/\/kamagrabestellenshop.to\/nl\/wp-json\/wp\/v2\/media\/362"}],"wp:attachment":[{"href":"https:\/\/kamagrabestellenshop.to\/nl\/wp-json\/wp\/v2\/media?parent=361"}],"wp:term":[{"taxonomy":"product_brand","embeddable":true,"href":"https:\/\/kamagrabestellenshop.to\/nl\/wp-json\/wp\/v2\/product_brand?post=361"},{"taxonomy":"product_cat","embeddable":true,"href":"https:\/\/kamagrabestellenshop.to\/nl\/wp-json\/wp\/v2\/product_cat?post=361"},{"taxonomy":"product_tag","embeddable":true,"href":"https:\/\/kamagrabestellenshop.to\/nl\/wp-json\/wp\/v2\/product_tag?post=361"}],"curies":[{"name":"wp","href":"https:\/\/api.w.org\/{rel}","templated":true}]}}