{"id":395,"date":"2022-05-19T07:16:09","date_gmt":"2022-05-19T07:16:09","guid":{"rendered":"http:\/\/localhost\/kamagrabestellen\/?post_type=product&#038;p=395"},"modified":"2025-09-12T06:19:21","modified_gmt":"2025-09-12T06:19:21","slug":"cenforce-200mg-10-streifen","status":"publish","type":"product","link":"https:\/\/kamagrabestellenshop.to\/nl\/product\/cenforce-200mg-10-streifen\/","title":{"rendered":"Cenforce 200mg 10 Streifen"},"content":{"rendered":"<h1>Cenforce 200mg bestellen<\/h1>\n<p>Cenforce 200mg in seiner Wirkung ist fast identisch mit Viagra und enth\u00e4lt die gleichen Wirkstoffe.<br \/>\nEinige sagen sogar, dass Cenforce noch besser wirkt als Viagra.<br \/>\nDie Nebenwirkungen von Cenforce sind nicht so schlimm, nur einer von 70 M\u00e4nnern hat leichte Nebenwirkungen.<br \/>\nDeshalb ist Cenforce so beliebt bei M\u00e4nnern, die eine Erektionsst\u00f6rung haben oder einfach nur die Nacht l\u00e4nger genie\u00dfen wollen.<br \/>\nBei kamagrabestellen.shop sind Sie an der richtigen Stelle, um Kamagra sicher und schnell zu bestellen.<\/p>\n<h2>Wirkstoff Sildenafil<\/h2>\n<p>Sildenafil ist der Wirkstoff in Cenforce 200mg. Sildenafil sorgt daf\u00fcr, dass bestimmte Blutgef\u00e4\u00dfe erweitert werden und beg\u00fcnstigt so eine Erektion.<br \/>\nDie Blutgef\u00e4\u00dferweiterung wird durch Substanzen ausgel\u00f6st, die bei der sexuellen Stimulation in den Penis abgegeben werden.<br \/>\nSildenafil hemmt den Abbau dieser blutgef\u00e4\u00dferweiterende Substanzen.<br \/>\nSie halten sich l\u00e4nger und in gr\u00f6\u00dferen Mengen im Penis auf, was zu einer h\u00e4rteren Erektion f\u00fchrt!<br \/>\nF\u00fcr die Wirkung ist eine sexuelle Stimulation erforderlich.<br \/>\nDie Wirkung von Sildenafil tritt nach einer halben Stunde ein, erreicht nach etwa zwei Stunden ein Maximum und verschwindet nach etwa f\u00fcnf Stunden.<\/p>\n<h2>Original Cenforce 200mg bestellen<\/h2>\n<p>Wir verkaufen nur original Kamagra und haben mehrere Qualit\u00e4tsmarken!<br \/>\nLeider gibt es viele Webshops, die gef\u00e4lschte Kamagra verkaufen, diese k\u00f6nnen schlecht f\u00fcr Ihre Gesundheit sein!<br \/>\nWir sind der offizielle Importeur von Ajanta Pharma, und bei uns kaufen Sie nur Originalprodukte.<br \/>\nWir haben auch die Lizenzen f\u00fcr den Verkauf von Kamagra!<\/p>\n<h2>Cenforce 200mg Nebenwirkungen<\/h2>\n<p>Nat\u00fcrlich kann die Verabreichung von Cenforce auch Nebenwirkungen haben.<br \/>\nNachfolgend haben wir eine Liste der Nebenwirkungen zusammengestellt, die bei der Anwendung von Kamagra auftreten k\u00f6nnen.<br \/>\n1. Kopfschmerzen 10%<br \/>\n2. Err\u00f6ten 5%<br \/>\n3. Bauchschmerzen 3%<br \/>\n4.Durchfall\u00a02%<br \/>\nWenn Sie Fragen zu Nebenwirkungen oder Beratung ben\u00f6tigen, steht Ihnen unser Kundendienst rund um die Uhr zur Verf\u00fcgung!<\/p>\n<h2>Merkmale Cenforce 200mg<\/h2>\n<p>Anzahl: 10 x 10 St\u00fcck<br \/>\nInhalt der Tablette: 200mg Sildenafil<br \/>\nWirkungsdauer: 4-6 Stunden<br \/>\nEinwirkzeit: 20-40 Minuten \u2013 orale Verabreichung<br \/>\nMarke: Centurion Labs<br \/>\nHersteller: Centurion Labs<\/p>\n<h2>Cenforce 200mg Angebote<\/h2>\n<p>Weitere Angebote finden Sie\u00a0hier.<\/p>\n","protected":false},"excerpt":{"rendered":"<div class=\"woocommerce-product-details__short-description\">\n<p>M\u00f6chten Sie weitere Informationen oder Benutzererfahrungen anzeigen? Besuchen Sie das Erectile Repellent Forum\u00a0<strong>HIER.<\/strong><\/p>\n<\/div>\n<form class=\"cart\" action=\"https:\/\/kamagrabestellen.shop\/gesch%C3%A4ft\/cenforce-200mg-10-streifen\/?lang=de\" enctype=\"multipart\/form-data\" method=\"post\">\n<div class=\"quantity\"><\/div>\n<\/form>\n","protected":false},"featured_media":396,"comment_status":"open","ping_status":"closed","template":"","meta":{"om_disable_all_campaigns":false,"_monsterinsights_skip_tracking":false,"_monsterinsights_sitenote_active":false,"_monsterinsights_sitenote_note":"","_monsterinsights_sitenote_category":0},"product_brand":[],"product_cat":[42,20,36,18,24],"product_tag":[],"class_list":{"0":"post-395","1":"product","2":"type-product","3":"status-publish","4":"has-post-thumbnail","6":"product_cat-angebote","7":"product_cat-cenforce","8":"product_cat-cenforce-200mg","9":"product_cat-erektionsprodukte","10":"product_cat-sildenafil","12":"first","13":"instock","14":"shipping-taxable","15":"purchasable","16":"product-type-simple"},"aioseo_notices":[],"_links":{"self":[{"href":"https:\/\/kamagrabestellenshop.to\/nl\/wp-json\/wp\/v2\/product\/395","targetHints":{"allow":["GET"]}}],"collection":[{"href":"https:\/\/kamagrabestellenshop.to\/nl\/wp-json\/wp\/v2\/product"}],"about":[{"href":"https:\/\/kamagrabestellenshop.to\/nl\/wp-json\/wp\/v2\/types\/product"}],"replies":[{"embeddable":true,"href":"https:\/\/kamagrabestellenshop.to\/nl\/wp-json\/wp\/v2\/comments?post=395"}],"wp:featuredmedia":[{"embeddable":true,"href":"https:\/\/kamagrabestellenshop.to\/nl\/wp-json\/wp\/v2\/media\/396"}],"wp:attachment":[{"href":"https:\/\/kamagrabestellenshop.to\/nl\/wp-json\/wp\/v2\/media?parent=395"}],"wp:term":[{"taxonomy":"product_brand","embeddable":true,"href":"https:\/\/kamagrabestellenshop.to\/nl\/wp-json\/wp\/v2\/product_brand?post=395"},{"taxonomy":"product_cat","embeddable":true,"href":"https:\/\/kamagrabestellenshop.to\/nl\/wp-json\/wp\/v2\/product_cat?post=395"},{"taxonomy":"product_tag","embeddable":true,"href":"https:\/\/kamagrabestellenshop.to\/nl\/wp-json\/wp\/v2\/product_tag?post=395"}],"curies":[{"name":"wp","href":"https:\/\/api.w.org\/{rel}","templated":true}]}}