{"id":418,"date":"2022-05-19T08:10:02","date_gmt":"2022-05-19T08:10:02","guid":{"rendered":"http:\/\/localhost\/kamagrabestellen\/?post_type=product&#038;p=418"},"modified":"2025-09-12T06:22:32","modified_gmt":"2025-09-12T06:22:32","slug":"vidalista-20mg-25-streifen","status":"publish","type":"product","link":"https:\/\/kamagrabestellenshop.to\/nl\/product\/vidalista-20mg-25-streifen\/","title":{"rendered":"Vidalista 20mg 25 Streifen"},"content":{"rendered":"<h1>Was genau ist Vidalista 20mg?<\/h1>\n<p>Vidalista 20mg ist eine generische Variante von Ciales.<br \/>\nEs sorgt f\u00fcr eine lang anhaltende Erektion, die bis zu 36 Stunden anhalten kann!<br \/>\nVidalista wird daher oft als Wochenendpille bezeichnet.<br \/>\nIm Falle einer sexuellen Stimulation wird der Penis schnell steif.<br \/>\nAuch die Nebenwirkungen sind nicht so schlimm wegen der niedrigen Dosierung.<br \/>\nF\u00fcr M\u00e4nner, die lange Zeit zuverl\u00e4ssig sein wollen, ist Vidalista genau die richtige Wahl.<\/p>\n<h2>Anwendungshinweis Vidalista 20mg<\/h2>\n<p>Nehmen Sie die Tablette etwa 1 Stunde vor dem Geschlechtsverkehr ein.<br \/>\nDie Einwirkzeit variiert zwischen 30 min und 60 min nach der Verabreichung.<br \/>\nVidalista 20mg beginnt nach 1 Stunde vollst\u00e4ndig zu wirken und erreicht einen H\u00f6chstwert nach ungef\u00e4hr 2 Stunden.<br \/>\nBis zu 36 Stunden nach der Einnahme ist es einfacher, eine Erektion zu bekommen, wenn man sexuell stimuliert wird.<\/p>\n<h2>Wirkstoff Tadalafil<\/h2>\n<p>Tadalafil\u00a0erweitert einige Blutgef\u00e4\u00dfe. Dadurch kann das Blut besser flie\u00dfen.<br \/>\nDie Blutgef\u00e4\u00dferweiterung wird durch Substanzen ausgel\u00f6st, die bei der sexuellen Stimulation in den Penis abgegeben werden.<br \/>\nTadalafil hemmt den Abbau dieser gef\u00e4\u00dferweiternden Substanzen.<br \/>\nDadurch h\u00e4lt sie sich l\u00e4nger und in gr\u00f6\u00dferen Mengen im Penis auf.<br \/>\nDer Penis kann besser steif gemacht werden und bleibt l\u00e4nger steif.<br \/>\nF\u00fcr die Wirkung ist eine sexuelle Stimulation erforderlich.<br \/>\nDie Wirkung tritt nach ungef\u00e4hr einer halben Stunde ein, nach ungef\u00e4hr 2 Stunden erreicht sie ein Maximum.<br \/>\nBis zu 36 Stunden nach der Einnahme ist es einfacher, eine Erektion zu bekommen, wenn man sexuell stimuliert wird.<\/p>\n<h2>Originale Vidalista 20mg bestellen<\/h2>\n<p>Wir verkaufen nur original Vidalista und haben mehrere Qualit\u00e4tsmarken!<br \/>\nLeider gibt es viele Webshops, die gef\u00e4lschte Kamagra verkaufen, diese k\u00f6nnen schlecht f\u00fcr Ihre Gesundheit sein!<br \/>\nWir sind der offizielle Importeur von Ajanta Pharma, und bei uns kaufen Sie nur Originalprodukte.<br \/>\nWir haben auch die Lizenzen f\u00fcr den Verkauf von Kamagra!<\/p>\n<h2>Vidalista 20mg Nebenwirkungen<\/h2>\n<p>Nat\u00fcrlich kann die Anwendung von Vidalista auch Nebenwirkungen haben.<br \/>\nNachfolgend haben wir eine Liste der Nebenwirkungen zusammengestellt, die bei der Anwendung von Kamagra auftreten k\u00f6nnen.<br \/>\n1. Kopfschmerzen 10%<br \/>\n2. Err\u00f6ten 5%<br \/>\n3. Bauchschmerzen 3%<br \/>\n4. Durchfall 2%<br \/>\nWenn Sie Fragen zu Nebenwirkungen oder Beratung ben\u00f6tigen, steht Ihnen unser Kundendienst 247 zur Verf\u00fcgung!<\/p>\n<h2>Merkmale Vidalista 20mg<\/h2>\n<p>Anzahl: 25 x 10 St\u00fcck<br \/>\nInhalt der Tablette: 20 mg Tadalafil<br \/>\nDauer des Wirkung: 1-36 Stunden<br \/>\nEinwirkzeit: 20-40 Minuten \u2013 orale Verabreichung<br \/>\nMarke: Centrium pharmacy labs<br \/>\nHersteller:<\/p>\n<h2>Vidalista 20mg Angebote<\/h2>\n<p>Weitere Angebote finden Sie\u00a0hier.<\/p>\n","protected":false},"excerpt":{"rendered":"<div class=\"woocommerce-product-details__short-description\">\n<p>M\u00f6chten Sie weitere Informationen oder Benutzererfahrungen anzeigen? Besuchen Sie das Erectile Repellent Forum\u00a0<strong>HIER.<\/strong><\/p>\n<\/div>\n<form class=\"cart\" action=\"https:\/\/kamagrabestellen.shop\/gesch%C3%A4ft\/vidalista-20mg-25-streifen\/?lang=de\" enctype=\"multipart\/form-data\" method=\"post\">\n<div class=\"quantity\"><\/div>\n<\/form>\n","protected":false},"featured_media":419,"comment_status":"open","ping_status":"closed","template":"","meta":{"om_disable_all_campaigns":false,"_monsterinsights_skip_tracking":false,"_monsterinsights_sitenote_active":false,"_monsterinsights_sitenote_note":"","_monsterinsights_sitenote_category":0},"product_brand":[],"product_cat":[18,21,23,38],"product_tag":[],"class_list":{"0":"post-418","1":"product","2":"type-product","3":"status-publish","4":"has-post-thumbnail","6":"product_cat-erektionsprodukte","7":"product_cat-tadalafil","8":"product_cat-vidalista","9":"product_cat-vidalista-20mg","11":"first","12":"instock","13":"shipping-taxable","14":"purchasable","15":"product-type-simple"},"aioseo_notices":[],"_links":{"self":[{"href":"https:\/\/kamagrabestellenshop.to\/nl\/wp-json\/wp\/v2\/product\/418","targetHints":{"allow":["GET"]}}],"collection":[{"href":"https:\/\/kamagrabestellenshop.to\/nl\/wp-json\/wp\/v2\/product"}],"about":[{"href":"https:\/\/kamagrabestellenshop.to\/nl\/wp-json\/wp\/v2\/types\/product"}],"replies":[{"embeddable":true,"href":"https:\/\/kamagrabestellenshop.to\/nl\/wp-json\/wp\/v2\/comments?post=418"}],"wp:featuredmedia":[{"embeddable":true,"href":"https:\/\/kamagrabestellenshop.to\/nl\/wp-json\/wp\/v2\/media\/419"}],"wp:attachment":[{"href":"https:\/\/kamagrabestellenshop.to\/nl\/wp-json\/wp\/v2\/media?parent=418"}],"wp:term":[{"taxonomy":"product_brand","embeddable":true,"href":"https:\/\/kamagrabestellenshop.to\/nl\/wp-json\/wp\/v2\/product_brand?post=418"},{"taxonomy":"product_cat","embeddable":true,"href":"https:\/\/kamagrabestellenshop.to\/nl\/wp-json\/wp\/v2\/product_cat?post=418"},{"taxonomy":"product_tag","embeddable":true,"href":"https:\/\/kamagrabestellenshop.to\/nl\/wp-json\/wp\/v2\/product_tag?post=418"}],"curies":[{"name":"wp","href":"https:\/\/api.w.org\/{rel}","templated":true}]}}